{"id":3880,"date":"2015-11-20T09:34:58","date_gmt":"2015-11-20T08:34:58","guid":{"rendered":"https:\/\/www.stamhuis.nl\/de\/over-ons\/"},"modified":"2016-06-28T16:46:00","modified_gmt":"2016-06-28T14:46:00","slug":"uber-uns","status":"publish","type":"page","link":"https:\/\/www.stamhuis.nl\/de\/uber-uns\/","title":{"rendered":"\u00dcber uns"},"content":{"rendered":"<p class=\"intro\">Stamhuis ist ein tonangebendes Unternehmen auf den Gebieten Ladenumbau und Einzelhandelsverbesserungen. Au\u00dfer unserer Zentrale in Utrecht haben wir Niederlassungen in Medemblik, Zaltbommel, Barendrecht, Zuidwolde und Antwerpen. Mit nahezu 300 fest angestellten Mitarbeitern bauen und renovieren wir j\u00e4hrlich etwa 1200 Projekte im In- und Ausland. Obwohl unser Unternehmen mit dem Umbau von L\u00e4den gro\u00df geworden ist, tun wir noch viel mehr&#8230;<\/p>\n<div id=\"slider\" class=\"flexslider\"><ul class=\"slides\"><li id=\"img\" href=\"https:\/\/www.stamhuis.nl\/wp-content\/uploads\/2015\/12\/MG_0297-e1450447694244-1484x990.jpg\"><img decoding=\"async\" src=\"https:\/\/www.stamhuis.nl\/wp-content\/uploads\/2015\/12\/MG_0297-e1450447694244-1484x990.jpg\" \/><\/li><li id=\"img\" href=\"https:\/\/www.stamhuis.nl\/wp-content\/uploads\/2015\/12\/IMG_0420-1484x990.jpg\"><img decoding=\"async\" src=\"https:\/\/www.stamhuis.nl\/wp-content\/uploads\/2015\/12\/IMG_0420-1484x990.jpg\" \/><\/li><li id=\"img\" href=\"https:\/\/www.stamhuis.nl\/wp-content\/uploads\/2015\/12\/IMG_0480-1484x990.jpg\"><img decoding=\"async\" src=\"https:\/\/www.stamhuis.nl\/wp-content\/uploads\/2015\/12\/IMG_0480-1484x990.jpg\" \/><\/li><li id=\"img\" href=\"https:\/\/www.stamhuis.nl\/wp-content\/uploads\/2016\/01\/IMG_0455ret-1484x990.jpg\"><img decoding=\"async\" src=\"https:\/\/www.stamhuis.nl\/wp-content\/uploads\/2016\/01\/IMG_0455ret-1484x990.jpg\" \/><\/li><li id=\"img\" href=\"https:\/\/www.stamhuis.nl\/wp-content\/uploads\/2016\/01\/MG_0323-1484x990.jpg\"><img decoding=\"async\" src=\"https:\/\/www.stamhuis.nl\/wp-content\/uploads\/2016\/01\/MG_0323-1484x990.jpg\" \/><\/li><li id=\"img\" href=\"https:\/\/www.stamhuis.nl\/wp-content\/uploads\/2016\/01\/IMG_0327-1484x990.jpg\"><img decoding=\"async\" src=\"https:\/\/www.stamhuis.nl\/wp-content\/uploads\/2016\/01\/IMG_0327-1484x990.jpg\" \/><\/li><li id=\"img\" href=\"https:\/\/www.stamhuis.nl\/wp-content\/uploads\/2016\/01\/MG_0384-1484x990.jpg\"><img decoding=\"async\" src=\"https:\/\/www.stamhuis.nl\/wp-content\/uploads\/2016\/01\/MG_0384-1484x990.jpg\" \/><\/li><\/ul><\/div><div id=\"carousel\" class=\"flexslider\"><ul class=\"slides\"><li><img decoding=\"async\" src=\"https:\/\/www.stamhuis.nl\/wp-content\/uploads\/2015\/12\/MG_0297-e1450447694244-1484x990.jpg\" \/><div class=\"overlay\"><\/div><\/li><li><img decoding=\"async\" src=\"https:\/\/www.stamhuis.nl\/wp-content\/uploads\/2015\/12\/IMG_0420-1484x990.jpg\" \/><div class=\"overlay\"><\/div><\/li><li><img decoding=\"async\" src=\"https:\/\/www.stamhuis.nl\/wp-content\/uploads\/2015\/12\/IMG_0480-1484x990.jpg\" \/><div class=\"overlay\"><\/div><\/li><li><img decoding=\"async\" src=\"https:\/\/www.stamhuis.nl\/wp-content\/uploads\/2016\/01\/IMG_0455ret-1484x990.jpg\" \/><div class=\"overlay\"><\/div><\/li><li><img decoding=\"async\" src=\"https:\/\/www.stamhuis.nl\/wp-content\/uploads\/2016\/01\/MG_0323-1484x990.jpg\" \/><div class=\"overlay\"><\/div><\/li><li><img decoding=\"async\" src=\"https:\/\/www.stamhuis.nl\/wp-content\/uploads\/2016\/01\/IMG_0327-1484x990.jpg\" \/><div class=\"overlay\"><\/div><\/li><li><img decoding=\"async\" src=\"https:\/\/www.stamhuis.nl\/wp-content\/uploads\/2016\/01\/MG_0384-1484x990.jpg\" \/><div class=\"overlay\"><\/div><\/li><\/ul><\/div>\n<h4>Umbaupl\u00e4ne<\/h4>\n<p>Haben Sie f\u00fcr Ihren Laden, Ihr B\u00fcro, Ihre Schule oder Ihr Krankenhaus Umbaupl\u00e4ne? Oder ist Ihr Luxus-Loungeraum wieder einmal erneuerungsbed\u00fcrftig? Dann sind Sie bei Stamhuis an der richtigen Adresse! Wir denken bei jedem Projekt aktiv mit Ihnen mit und k\u00f6nnen, wenn Sie es w\u00fcnschen, die volle Verantwortung f\u00fcr den Umbau \u00fcbernehmen.<\/p>\n<h4>Einmalige Arbeitsweise<\/h4>\n<p>Entwerfer, Architekten, bautechnische Zeichner, Projektmanager, Fertigstellungsspezialisten und Monteure; bei uns greifen all diese Fachbereiche auf einmalige Weise ineinander. Das Ergebnis? Ein Unternehmen, das beispiellos schnell und effizient arbeiten kann und einen kompletten Ladenumbau in einer Zeit von nur f\u00fcnf Tagen mit dem kleinen Finger macht! Durch unsere einmalige Arbeitsweise sind wir mittlerweile zum gr\u00f6\u00dften Einzelhandelsbauunternehmen in den Beneluxl\u00e4ndern ausgewachsen.<\/p>\n<h4>Zuverl\u00e4ssig und flexibel<\/h4>\n<p>Bei Stamhuis setzen wir schwer auf Nachhaltigkeit, Innovation, multidisziplin\u00e4re Zusammenarbeit und effektives Projektmanagement. Das Allerwichtigste ist aber: Wir tun, was wir versprechen und wir halten uns an die Absprachen. Dadurch sind wir ein zuverl\u00e4ssiger und flexibler Partner, mit dem man gerne Gesch\u00e4fte macht. Eine Partei, auf die man bauen kann!<\/p>\n<h4>Langfristige und intensive Beziehungen<\/h4>\n<p>Wir sind bekannt wegen unserer Vielseitigkeit, Transparenz und Tatkraft und darauf sind wir stolz. Wir streben langfristige und intensive Beziehungen zu unseren Auftraggebern an. Bei jedem Projekt vertiefen wir uns in den spezifischen Wunsch des Kunden. Immer. Durch diese Einstellung verstehen wir es, unsere Auftraggeber immer wieder mit innovativen ma\u00dfgeschneiderten L\u00f6sungen zu \u00fcberraschen.<\/p>\n<h4><\/h4>\n","protected":false},"excerpt":{"rendered":"<p>Stamhuis ist ein tonangebendes Unternehmen auf den Gebieten Ladenumbau und Einzelhandelsverbesserungen. Au\u00dfer unserer Zentrale in Utrecht haben wir Niederlassungen in Medemblik, Zaltbommel, Barendrecht, Zuidwolde und Antwerpen. Mit nahezu 300 fest angestellten Mitarbeitern bauen und renovieren wir j\u00e4hrlich etwa 1200 Projekte im In- und Ausland. Obwohl unser Unternehmen mit dem Umbau von L\u00e4den gro\u00df geworden ist, tun wir noch viel mehr&#8230; Umbaupl\u00e4ne Haben Sie f\u00fcr Ihren Laden, Ihr B\u00fcro, Ihre Schule oder Ihr Krankenhaus Umbaupl\u00e4ne? Oder ist Ihr Luxus-Loungeraum wieder einmal erneuerungsbed\u00fcrftig? Dann sind Sie bei Stamhuis an der richtigen Adresse! Wir denken bei jedem Projekt aktiv mit Ihnen mit und k\u00f6nnen, wenn Sie es w\u00fcnschen, die volle Verantwortung f\u00fcr den Umbau \u00fcbernehmen. Einmalige Arbeitsweise Entwerfer, Architekten, bautechnische Zeichner, Projektmanager, Fertigstellungsspezialisten und Monteure; bei uns greifen all diese Fachbereiche auf einmalige Weise ineinander. Das Ergebnis? Ein Unternehmen, das beispiellos schnell und&hellip;<\/p>\n","protected":false},"author":1,"featured_media":3881,"parent":0,"menu_order":0,"comment_status":"closed","ping_status":"closed","template":"","meta":{"om_disable_all_campaigns":false,"_monsterinsights_skip_tracking":false,"_monsterinsights_sitenote_active":false,"_monsterinsights_sitenote_note":"","_monsterinsights_sitenote_category":0,"footnotes":""},"class_list":{"0":"post-3880","1":"page","4":"has-post-thumbnail","5":"hentry"},"_links":{"self":[{"href":"https:\/\/www.stamhuis.nl\/de\/wp-json\/wp\/v2\/pages\/3880","targetHints":{"allow":["GET"]}}],"collection":[{"href":"https:\/\/www.stamhuis.nl\/de\/wp-json\/wp\/v2\/pages"}],"about":[{"href":"https:\/\/www.stamhuis.nl\/de\/wp-json\/wp\/v2\/types\/page"}],"author":[{"embeddable":true,"href":"https:\/\/www.stamhuis.nl\/de\/wp-json\/wp\/v2\/users\/1"}],"replies":[{"embeddable":true,"href":"https:\/\/www.stamhuis.nl\/de\/wp-json\/wp\/v2\/comments?post=3880"}],"version-history":[{"count":0,"href":"https:\/\/www.stamhuis.nl\/de\/wp-json\/wp\/v2\/pages\/3880\/revisions"}],"wp:featuredmedia":[{"embeddable":true,"href":"https:\/\/www.stamhuis.nl\/de\/wp-json\/wp\/v2\/media\/3881"}],"wp:attachment":[{"href":"https:\/\/www.stamhuis.nl\/de\/wp-json\/wp\/v2\/media?parent=3880"}],"curies":[{"name":"wp","href":"https:\/\/api.w.org\/{rel}","templated":true}]}}