{"id":3844,"date":"2015-11-20T09:34:49","date_gmt":"2015-11-20T08:34:49","guid":{"rendered":"https:\/\/www.stamhuis.nl\/de\/internationaal\/"},"modified":"2023-11-20T14:37:40","modified_gmt":"2023-11-20T13:37:40","slug":"international","status":"publish","type":"page","link":"https:\/\/www.stamhuis.nl\/de\/uber-uns\/international\/","title":{"rendered":"Stellenanzeigen"},"content":{"rendered":"<p><img loading=\"lazy\" decoding=\"async\" class=\"alignleft wp-image-7890 body-post-image\" src=\"https:\/\/www.stamhuis.nl\/wp-content\/uploads\/2023\/07\/Wilfred-610x458.webp\" alt=\"Projectleiter\" width=\"218\" height=\"164\" srcset=\"https:\/\/www.stamhuis.nl\/wp-content\/uploads\/2023\/07\/Wilfred-610x458.webp 610w, https:\/\/www.stamhuis.nl\/wp-content\/uploads\/2023\/07\/Wilfred-1024x768.webp 1024w, https:\/\/www.stamhuis.nl\/wp-content\/uploads\/2023\/07\/Wilfred-768x576.webp 768w, https:\/\/www.stamhuis.nl\/wp-content\/uploads\/2023\/07\/Wilfred-1536x1152.webp 1536w, https:\/\/www.stamhuis.nl\/wp-content\/uploads\/2023\/07\/Wilfred-2048x1536.webp 2048w, https:\/\/www.stamhuis.nl\/wp-content\/uploads\/2023\/07\/Wilfred-276x207.webp 276w, https:\/\/www.stamhuis.nl\/wp-content\/uploads\/2023\/07\/Wilfred-200x150.webp 200w, https:\/\/www.stamhuis.nl\/wp-content\/uploads\/2023\/07\/Wilfred-400x300.webp 400w\" sizes=\"auto, (max-width: 218px) 100vw, 218px\" \/><\/p>\n<p><span class=\"ui-provider a b c d e f g h i j k l m n o p q r s t u v w x y z ab ac ae af ag ah ai aj ak\" dir=\"ltr\">F\u00fcr unsere K\u00f6lner Niederlassung haben wir die folgenden Stellen zu besetzen:<br \/>\n<\/span><\/p>\n<p><a href=\"https:\/\/www.stamhuis.nl\/de\/bauzeichner-m-w-d-in-koeln\/\"><strong>Bauzeichner K\u00f6ln<\/strong><\/a><\/p>\n<p><strong><a href=\"https:\/\/www.stamhuis.nl\/de\/projektleiter-m-w-d-im-bauwesen-in-koeln\/\">Projectleiter K\u00f6ln<\/a><\/strong><\/p>\n<p><span class=\"ui-provider a b c d e f g h i j k l m n o p q r s t u v w x y z ab ac ae af ag ah ai aj ak\" dir=\"ltr\">Haben Sie noch Fragen, wenden Sie sich bitte an Florianne Vogt, Tel.: \u00a0+49 152 226 763 57<\/span><\/p>\n<p>&nbsp;<\/p>\n","protected":false},"excerpt":{"rendered":"<p>F\u00fcr unsere K\u00f6lner Niederlassung haben wir die folgenden Stellen zu besetzen: Bauzeichner K\u00f6ln Projectleiter K\u00f6ln Haben Sie noch Fragen, wenden Sie sich bitte an Florianne Vogt, Tel.: \u00a0+49 152 226 763 57 &nbsp;<\/p>\n","protected":false},"author":1,"featured_media":5481,"parent":3880,"menu_order":0,"comment_status":"closed","ping_status":"closed","template":"","meta":{"om_disable_all_campaigns":false,"_monsterinsights_skip_tracking":false,"_monsterinsights_sitenote_active":false,"_monsterinsights_sitenote_note":"","_monsterinsights_sitenote_category":0,"footnotes":""},"class_list":{"0":"post-3844","1":"page","4":"has-post-thumbnail","5":"hentry"},"_links":{"self":[{"href":"https:\/\/www.stamhuis.nl\/de\/wp-json\/wp\/v2\/pages\/3844","targetHints":{"allow":["GET"]}}],"collection":[{"href":"https:\/\/www.stamhuis.nl\/de\/wp-json\/wp\/v2\/pages"}],"about":[{"href":"https:\/\/www.stamhuis.nl\/de\/wp-json\/wp\/v2\/types\/page"}],"author":[{"embeddable":true,"href":"https:\/\/www.stamhuis.nl\/de\/wp-json\/wp\/v2\/users\/1"}],"replies":[{"embeddable":true,"href":"https:\/\/www.stamhuis.nl\/de\/wp-json\/wp\/v2\/comments?post=3844"}],"version-history":[{"count":0,"href":"https:\/\/www.stamhuis.nl\/de\/wp-json\/wp\/v2\/pages\/3844\/revisions"}],"up":[{"embeddable":true,"href":"https:\/\/www.stamhuis.nl\/de\/wp-json\/wp\/v2\/pages\/3880"}],"wp:featuredmedia":[{"embeddable":true,"href":"https:\/\/www.stamhuis.nl\/de\/wp-json\/wp\/v2\/media\/5481"}],"wp:attachment":[{"href":"https:\/\/www.stamhuis.nl\/de\/wp-json\/wp\/v2\/media?parent=3844"}],"curies":[{"name":"wp","href":"https:\/\/api.w.org\/{rel}","templated":true}]}}