{"id":3839,"date":"2016-05-04T10:53:33","date_gmt":"2016-05-04T09:53:33","guid":{"rendered":"https:\/\/www.stamhuis.nl\/de\/?page_id=3839"},"modified":"2016-07-08T13:36:18","modified_gmt":"2016-07-08T11:36:18","slug":"ueberholung-wiederverwendung","status":"publish","type":"page","link":"https:\/\/www.stamhuis.nl\/de\/aktivitaten\/ueberholung-wiederverwendung\/","title":{"rendered":"\u00dcberholung &#038; Wiederverwendung"},"content":{"rendered":"<p class=\"intro\">Sie m\u00f6chten die Qualit\u00e4t Ihrer Ladeneinrichtung auf eine kostensparende und umweltfreundliche Weise gew\u00e4hrleisten? Das ist m\u00f6glich! In unserem eigenen \u00dcberholungszentrum besch\u00e4ftigen wir uns mit dem hochwertigen Wiedereinsatz von Material. Das Ergebnis? Bereits gebrauchte Regale, die sauber und wie neu \u00fcbergeben werden. Mit denselben Qualit\u00e4tsgarantien!<\/p>\n<h4>Qualit\u00e4tserlebnis<\/h4>\n<p>Eine tadellose Einrichtung tr\u00e4gt zur Ausstrahlung und zum Qualit\u00e4tserlebnis Ihres Ladens bei. Da kennen wir uns bestens aus. Von unserem eigenen \u00dcberholungszentrum aus helfen wir Einzelh\u00e4ndlern auf eine umweltfreundliche Weise, beim Ersatz ihrer Ladeneinrichtung Kosten einzusparen. Wie? Indem wir von einer Demontage oder Zerlegung stammendes Material (wie Ladenregale, \u00d6fen und Einkaufswagen) wiederverwenden, \u00fcberholen und erforderlichenfalls bearbeiten. Wir maximalisieren die Wiederverwendbarkeit von Produkten und Grundstoffen, um einer Wertzerst\u00f6rung entgegenzutreten.<\/p>\n<p><strong><div id=\"slider\" class=\"flexslider\"><ul class=\"slides\"><li id=\"img\" href=\"https:\/\/www.stamhuis.nl\/wp-content\/uploads\/2015\/12\/IMG_0501.jpg\"><img decoding=\"async\" src=\"https:\/\/www.stamhuis.nl\/wp-content\/uploads\/2015\/12\/IMG_0501.jpg\" \/><\/li><li id=\"img\" href=\"https:\/\/www.stamhuis.nl\/wp-content\/uploads\/2015\/12\/IMG_0709.jpg\"><img decoding=\"async\" src=\"https:\/\/www.stamhuis.nl\/wp-content\/uploads\/2015\/12\/IMG_0709.jpg\" \/><\/li><li id=\"img\" href=\"https:\/\/www.stamhuis.nl\/wp-content\/uploads\/2015\/12\/IMG_0523.jpg\"><img decoding=\"async\" src=\"https:\/\/www.stamhuis.nl\/wp-content\/uploads\/2015\/12\/IMG_0523.jpg\" \/><\/li><li id=\"img\" href=\"https:\/\/www.stamhuis.nl\/wp-content\/uploads\/2015\/12\/IMG_07241.jpg\"><img decoding=\"async\" src=\"https:\/\/www.stamhuis.nl\/wp-content\/uploads\/2015\/12\/IMG_07241.jpg\" \/><\/li><li id=\"img\" href=\"https:\/\/www.stamhuis.nl\/wp-content\/uploads\/2015\/12\/IMG_0429.jpg\"><img decoding=\"async\" src=\"https:\/\/www.stamhuis.nl\/wp-content\/uploads\/2015\/12\/IMG_0429.jpg\" \/><\/li><li id=\"img\" href=\"https:\/\/www.stamhuis.nl\/wp-content\/uploads\/2015\/12\/IMG_0655.jpg\"><img decoding=\"async\" src=\"https:\/\/www.stamhuis.nl\/wp-content\/uploads\/2015\/12\/IMG_0655.jpg\" \/><\/li><li id=\"img\" href=\"https:\/\/www.stamhuis.nl\/wp-content\/uploads\/2015\/12\/IMG_0547.jpg\"><img decoding=\"async\" src=\"https:\/\/www.stamhuis.nl\/wp-content\/uploads\/2015\/12\/IMG_0547.jpg\" \/><\/li><li id=\"img\" href=\"https:\/\/www.stamhuis.nl\/wp-content\/uploads\/2015\/12\/IMG_0543.jpg\"><img decoding=\"async\" src=\"https:\/\/www.stamhuis.nl\/wp-content\/uploads\/2015\/12\/IMG_0543.jpg\" \/><\/li><li id=\"img\" href=\"https:\/\/www.stamhuis.nl\/wp-content\/uploads\/2015\/12\/IMG_0336.jpg\"><img decoding=\"async\" src=\"https:\/\/www.stamhuis.nl\/wp-content\/uploads\/2015\/12\/IMG_0336.jpg\" \/><\/li><li id=\"img\" href=\"https:\/\/www.stamhuis.nl\/wp-content\/uploads\/2015\/12\/IMG_0587.jpg\"><img decoding=\"async\" src=\"https:\/\/www.stamhuis.nl\/wp-content\/uploads\/2015\/12\/IMG_0587.jpg\" \/><\/li><li id=\"img\" href=\"https:\/\/www.stamhuis.nl\/wp-content\/uploads\/2015\/12\/IMG_0364.jpg\"><img decoding=\"async\" src=\"https:\/\/www.stamhuis.nl\/wp-content\/uploads\/2015\/12\/IMG_0364.jpg\" \/><\/li><li id=\"img\" href=\"https:\/\/www.stamhuis.nl\/wp-content\/uploads\/2015\/12\/IMG_0407.jpg\"><img decoding=\"async\" src=\"https:\/\/www.stamhuis.nl\/wp-content\/uploads\/2015\/12\/IMG_0407.jpg\" \/><\/li><\/ul><\/div><div id=\"carousel\" class=\"flexslider\"><ul class=\"slides\"><li><img decoding=\"async\" src=\"https:\/\/www.stamhuis.nl\/wp-content\/uploads\/2015\/12\/IMG_0501.jpg\" \/><div class=\"overlay\"><\/div><\/li><li><img decoding=\"async\" src=\"https:\/\/www.stamhuis.nl\/wp-content\/uploads\/2015\/12\/IMG_0709.jpg\" \/><div class=\"overlay\"><\/div><\/li><li><img decoding=\"async\" src=\"https:\/\/www.stamhuis.nl\/wp-content\/uploads\/2015\/12\/IMG_0523.jpg\" \/><div class=\"overlay\"><\/div><\/li><li><img decoding=\"async\" src=\"https:\/\/www.stamhuis.nl\/wp-content\/uploads\/2015\/12\/IMG_07241.jpg\" \/><div class=\"overlay\"><\/div><\/li><li><img decoding=\"async\" src=\"https:\/\/www.stamhuis.nl\/wp-content\/uploads\/2015\/12\/IMG_0429.jpg\" \/><div class=\"overlay\"><\/div><\/li><li><img decoding=\"async\" src=\"https:\/\/www.stamhuis.nl\/wp-content\/uploads\/2015\/12\/IMG_0655.jpg\" \/><div class=\"overlay\"><\/div><\/li><li><img decoding=\"async\" src=\"https:\/\/www.stamhuis.nl\/wp-content\/uploads\/2015\/12\/IMG_0547.jpg\" \/><div class=\"overlay\"><\/div><\/li><li><img decoding=\"async\" src=\"https:\/\/www.stamhuis.nl\/wp-content\/uploads\/2015\/12\/IMG_0543.jpg\" \/><div class=\"overlay\"><\/div><\/li><li><img decoding=\"async\" src=\"https:\/\/www.stamhuis.nl\/wp-content\/uploads\/2015\/12\/IMG_0336.jpg\" \/><div class=\"overlay\"><\/div><\/li><li><img decoding=\"async\" src=\"https:\/\/www.stamhuis.nl\/wp-content\/uploads\/2015\/12\/IMG_0587.jpg\" \/><div class=\"overlay\"><\/div><\/li><li><img decoding=\"async\" src=\"https:\/\/www.stamhuis.nl\/wp-content\/uploads\/2015\/12\/IMG_0364.jpg\" \/><div class=\"overlay\"><\/div><\/li><li><img decoding=\"async\" src=\"https:\/\/www.stamhuis.nl\/wp-content\/uploads\/2015\/12\/IMG_0407.jpg\" \/><div class=\"overlay\"><\/div><\/li><\/ul><\/div><\/strong><\/p>\n<h4>Geschlossener Materialzyklus<\/h4>\n<p>F\u00fcr jedes Produkt stellen wir die Auswirkung auf die Umwelt fest. Unsere Zusammenarbeit gew\u00e4hrt uns einen detaillierten Einblick in den Arbeitsablauf. Dar\u00fcber hinaus registrieren und beurteilen wir alles ein- und ausgehende Material hinsichtlich der Wiederverwendung. Mit dem Stamhuis Gesamtkonzept streben wir einen geschlossenen Materialzyklus an. Das ist gut f\u00fcr die Umwelt und erm\u00f6glicht erhebliche Kosteneinsparungen. Wir geben Ihnen gerne eine \u00dcbersicht \u00fcber die M\u00f6glichkeiten!<\/p>\n<h4>Materialbearbeitungen<\/h4>\n<p>In unserem \u00dcberholungszentrum werden unterschiedliche Metallbearbeitungstechniken angewendet. So verf\u00fcgen wir \u00fcber eine fortgeschrittene Pulverbeschichtungsanlage, mit der wir Ladenregale im Nu zur Wiederverwendung fertig machen. Diese Technik erm\u00f6glicht es, dicke Coatings mit einer glatten und texturfreien Fl\u00e4che anzubringen. Der gro\u00dfe Vorteil ist, dass dabei kaum fl\u00fcchtige organische Stoffe ausgesto\u00dfen werden. Au\u00dferdem k\u00f6nnen wir dickere Coatings herstellen und werden die R\u00fcckst\u00e4nde einfach wiederverwendet. Die kratzfeste, farbenreiche und feuchtigkeitssch\u00fctzende Schicht l\u00e4sst Ihr Ladeninventar wieder wie neu aussehen.<\/p>\n","protected":false},"excerpt":{"rendered":"<p>Sie m\u00f6chten die Qualit\u00e4t Ihrer Ladeneinrichtung auf eine kostensparende und umweltfreundliche Weise gew\u00e4hrleisten? Das ist m\u00f6glich! In unserem eigenen \u00dcberholungszentrum besch\u00e4ftigen wir uns mit dem hochwertigen Wiedereinsatz von Material. Das Ergebnis? Bereits gebrauchte Regale, die sauber und wie neu \u00fcbergeben werden. Mit denselben Qualit\u00e4tsgarantien! Qualit\u00e4tserlebnis Eine tadellose Einrichtung tr\u00e4gt zur Ausstrahlung und zum Qualit\u00e4tserlebnis Ihres Ladens bei. Da kennen wir uns bestens aus. Von unserem eigenen \u00dcberholungszentrum aus helfen wir Einzelh\u00e4ndlern auf eine umweltfreundliche Weise, beim Ersatz ihrer Ladeneinrichtung Kosten einzusparen. Wie? Indem wir von einer Demontage oder Zerlegung stammendes Material (wie Ladenregale, \u00d6fen und Einkaufswagen) wiederverwenden, \u00fcberholen und erforderlichenfalls bearbeiten. Wir maximalisieren die Wiederverwendbarkeit von Produkten und Grundstoffen, um einer Wertzerst\u00f6rung entgegenzutreten. Geschlossener Materialzyklus F\u00fcr jedes Produkt stellen wir die Auswirkung auf die Umwelt fest. Unsere Zusammenarbeit gew\u00e4hrt uns einen detaillierten Einblick in den Arbeitsablauf. Dar\u00fcber hinaus registrieren und&hellip;<\/p>\n","protected":false},"author":3,"featured_media":3841,"parent":3895,"menu_order":7,"comment_status":"closed","ping_status":"closed","template":"","meta":{"om_disable_all_campaigns":false,"_monsterinsights_skip_tracking":false,"_monsterinsights_sitenote_active":false,"_monsterinsights_sitenote_note":"","_monsterinsights_sitenote_category":0,"footnotes":""},"class_list":{"0":"post-3839","1":"page","4":"has-post-thumbnail","5":"hentry"},"_links":{"self":[{"href":"https:\/\/www.stamhuis.nl\/de\/wp-json\/wp\/v2\/pages\/3839","targetHints":{"allow":["GET"]}}],"collection":[{"href":"https:\/\/www.stamhuis.nl\/de\/wp-json\/wp\/v2\/pages"}],"about":[{"href":"https:\/\/www.stamhuis.nl\/de\/wp-json\/wp\/v2\/types\/page"}],"author":[{"embeddable":true,"href":"https:\/\/www.stamhuis.nl\/de\/wp-json\/wp\/v2\/users\/3"}],"replies":[{"embeddable":true,"href":"https:\/\/www.stamhuis.nl\/de\/wp-json\/wp\/v2\/comments?post=3839"}],"version-history":[{"count":0,"href":"https:\/\/www.stamhuis.nl\/de\/wp-json\/wp\/v2\/pages\/3839\/revisions"}],"up":[{"embeddable":true,"href":"https:\/\/www.stamhuis.nl\/de\/wp-json\/wp\/v2\/pages\/3895"}],"wp:featuredmedia":[{"embeddable":true,"href":"https:\/\/www.stamhuis.nl\/de\/wp-json\/wp\/v2\/media\/3841"}],"wp:attachment":[{"href":"https:\/\/www.stamhuis.nl\/de\/wp-json\/wp\/v2\/media?parent=3839"}],"curies":[{"name":"wp","href":"https:\/\/api.w.org\/{rel}","templated":true}]}}