{"id":3830,"date":"2016-05-04T10:45:22","date_gmt":"2016-05-04T09:45:22","guid":{"rendered":"https:\/\/www.stamhuis.nl\/de\/?page_id=3830"},"modified":"2016-07-08T13:35:42","modified_gmt":"2016-07-08T11:35:42","slug":"instandhaltung","status":"publish","type":"page","link":"https:\/\/www.stamhuis.nl\/de\/aktivitaten\/instandhaltung\/","title":{"rendered":"Instandhaltung"},"content":{"rendered":"<p class=\"intro\">Es ist der Albtraum jedes Unternehmers: Im Laden herrscht ein gem\u00fctlicher Betrieb und dann auf einmal passiert es\u2026 etwas geht kaputt. Es kann alles M\u00f6gliche sein. Ein leckendes Dach, eine defekte K\u00fchlung oder Schiebet\u00fcren, die pl\u00f6tzlich nicht mehr ge\u00f6ffnet oder geschlossen werden k\u00f6nnen. Solche Situationen verlangen ein schnelles und ad\u00e4quates Handeln\u2026<\/p>\n<h4>Landesweite Deckung<\/h4>\n<p>Stamhuis Onderhoud Services (Instandhaltungsservices) (SOS) ist in der Lage, Ihnen all Ihre Sorgen auf den Gebieten St\u00f6rungen, Kalamit\u00e4ten und Instandhaltung abzunehmen. Mit unserer landesweiten Deckung k\u00f6nnen wir \u00fcberall schnell (innerhalb 2 Stunden!) vor Ort sein. Au\u00dferdem ist unsere Einsatzzentrale 24 Stunden am Tag und sieben Tage in der Woche erreichbar!<\/p>\n<h4>Unabh\u00e4ngiger Service<\/h4>\n<p>Als Stamhuis Onderhoud Services unterscheiden wir uns, indem wir Sie bei der Instandhaltung Ihres Ladens auf sachkundige und unabh\u00e4ngige Weise beraten. Die tats\u00e4chliche Durchf\u00fchrung der Instandhaltungsarbeiten haben wir bei sorgf\u00e4ltig ausgew\u00e4hlten Partnern untergebracht. Diese Arbeitsweise sorgt f\u00fcr eine zuverl\u00e4ssige Beurteilung der Instandhaltungsarbeiten, wodurch wir v\u00f6llig unabh\u00e4ngig arbeiten k\u00f6nnen.<\/p>\n<p><a href=\"https:\/\/www.stamhuis.nl\/wp-content\/uploads\/2016\/02\/Onderhoud-5-1170x300.jpg\" rel=\"attachment wp-att-2217\"><img loading=\"lazy\" decoding=\"async\" class=\"body-post-image wp-image-2217 size-leftImage alignnone\" src=\"https:\/\/www.stamhuis.nl\/wp-content\/uploads\/2016\/02\/Onderhoud-5-1170x300.jpg\" alt=\"Onderhoud 5\" width=\"1170\" height=\"300\" \/><\/a><\/p>\n<h4>Flexibel<\/h4>\n<p>Flexibel wie wir sind, k\u00f6nnen wir Ihre heutigen Instandhaltungsparteien einfach an unser Managementsystem anschlie\u00dfen. Das bedeutet, dass Sie die Beziehung zu Ihren heutigen Lieferanten problemlos weiterf\u00fchren k\u00f6nnen. Sollten Sie noch keine eigenen Instandhaltungslieferanten haben, k\u00f6nnen wir auch unsere Instandhaltungspartner einschalten, die selbstverst\u00e4ndlich unsere hohen Qualit\u00e4tsanforderungen erf\u00fcllen.\u00a0 Durch eine\u00a0straffe und deutliche Koordinierung garantieren wir eine schnelle und reibungslose Abwicklung all Ihrer Instandhaltungs- und Reparaturarbeiten.<\/p>\n<h4>Vorbeugende Instandhaltung<\/h4>\n<p>Sicher im Falle von Sch\u00e4den und St\u00f6rungen ist vorbeugen immer noch besser als reparieren. Darum erstellen wir spezifizierte Instandhaltungspl\u00e4ne und wir k\u00f6nnen Ihnen jederzeit einen Einblick in die planm\u00e4\u00dfige Instandhaltung und die dazugeh\u00f6rigen Kosten gew\u00e4hren. Dar\u00fcber hinaus k\u00f6nnen Sie bei uns von der Fernregelung verschiedener Systeme und Anlagen Gebrauch machen. So haben wir eine patentierte Methode entwickelt, mit der wir f\u00fcr den Wasserstand Ihres Abwasserablaufs eine Fernmessung vornehmen k\u00f6nnen. Weil wir dadurch rechtzeitig eingreifen k\u00f6nnen, geh\u00f6rt ein \u00fcberlaufender Abwasserkanal der Vergangenheit an.<\/p>\n","protected":false},"excerpt":{"rendered":"<p>Es ist der Albtraum jedes Unternehmers: Im Laden herrscht ein gem\u00fctlicher Betrieb und dann auf einmal passiert es\u2026 etwas geht kaputt. Es kann alles M\u00f6gliche sein. Ein leckendes Dach, eine defekte K\u00fchlung oder Schiebet\u00fcren, die pl\u00f6tzlich nicht mehr ge\u00f6ffnet oder geschlossen werden k\u00f6nnen. Solche Situationen verlangen ein schnelles und ad\u00e4quates Handeln\u2026 Landesweite Deckung Stamhuis Onderhoud Services (Instandhaltungsservices) (SOS) ist in der Lage, Ihnen all Ihre Sorgen auf den Gebieten St\u00f6rungen, Kalamit\u00e4ten und Instandhaltung abzunehmen. Mit unserer landesweiten Deckung k\u00f6nnen wir \u00fcberall schnell (innerhalb 2 Stunden!) vor Ort sein. Au\u00dferdem ist unsere Einsatzzentrale 24 Stunden am Tag und sieben Tage in der Woche erreichbar! Unabh\u00e4ngiger Service Als Stamhuis Onderhoud Services unterscheiden wir uns, indem wir Sie bei der Instandhaltung Ihres Ladens auf sachkundige und unabh\u00e4ngige Weise beraten. Die tats\u00e4chliche Durchf\u00fchrung der Instandhaltungsarbeiten haben wir bei sorgf\u00e4ltig ausgew\u00e4hlten Partnern untergebracht. Diese Arbeitsweise&hellip;<\/p>\n","protected":false},"author":3,"featured_media":3838,"parent":3895,"menu_order":6,"comment_status":"closed","ping_status":"closed","template":"","meta":{"om_disable_all_campaigns":false,"_monsterinsights_skip_tracking":false,"_monsterinsights_sitenote_active":false,"_monsterinsights_sitenote_note":"","_monsterinsights_sitenote_category":0,"footnotes":""},"class_list":{"0":"post-3830","1":"page","4":"has-post-thumbnail","5":"hentry"},"_links":{"self":[{"href":"https:\/\/www.stamhuis.nl\/de\/wp-json\/wp\/v2\/pages\/3830","targetHints":{"allow":["GET"]}}],"collection":[{"href":"https:\/\/www.stamhuis.nl\/de\/wp-json\/wp\/v2\/pages"}],"about":[{"href":"https:\/\/www.stamhuis.nl\/de\/wp-json\/wp\/v2\/types\/page"}],"author":[{"embeddable":true,"href":"https:\/\/www.stamhuis.nl\/de\/wp-json\/wp\/v2\/users\/3"}],"replies":[{"embeddable":true,"href":"https:\/\/www.stamhuis.nl\/de\/wp-json\/wp\/v2\/comments?post=3830"}],"version-history":[{"count":0,"href":"https:\/\/www.stamhuis.nl\/de\/wp-json\/wp\/v2\/pages\/3830\/revisions"}],"up":[{"embeddable":true,"href":"https:\/\/www.stamhuis.nl\/de\/wp-json\/wp\/v2\/pages\/3895"}],"wp:featuredmedia":[{"embeddable":true,"href":"https:\/\/www.stamhuis.nl\/de\/wp-json\/wp\/v2\/media\/3838"}],"wp:attachment":[{"href":"https:\/\/www.stamhuis.nl\/de\/wp-json\/wp\/v2\/media?parent=3830"}],"curies":[{"name":"wp","href":"https:\/\/api.w.org\/{rel}","templated":true}]}}