{"id":3826,"date":"2016-05-04T10:40:55","date_gmt":"2016-05-04T09:40:55","guid":{"rendered":"https:\/\/www.stamhuis.nl\/de\/?page_id=3826"},"modified":"2016-07-08T13:34:57","modified_gmt":"2016-07-08T11:34:57","slug":"innenausstattung-fertigstellung","status":"publish","type":"page","link":"https:\/\/www.stamhuis.nl\/de\/aktivitaten\/innenausstattung-fertigstellung\/","title":{"rendered":"Innenausstattung &#038; fertigstellung"},"content":{"rendered":"<p class=\"intro\">Bei Stamhuis bereiten wir jedes Projekt bis ins kleinste Detail vor. In unserer modernen Werkstatt in Medemblik besch\u00e4ftigen unsere erfahrenen Fachleute sich mit der Vorfertigung Ihrer ma\u00dfgeschneiderten Innenausstattung. Au\u00dferdem k\u00f6nnen wir die Fertigstellung Ihres Ladens, B\u00fcros, Betriebsrestaurants oder Appartements von einem Ansprechpartner aus koordinieren. Ihr Vorteil ist eine schnellere Er\u00f6ffnung Ihres Projekts zu erheblich niedrigeren Kosten!<\/p>\n<h4>Vorfertigung<\/h4>\n<p>Als wichtiger Bestandteil der Stamhuis Gruppe ist Bimmerman auf das gesamte Innenausstattungs- und Fertigstellungspaket spezialisiert: Von den ersten groben Abrissarbeiten bis zur Aufstellung der letzten M\u00f6bel. Unser Innenausstattungs- und Fertigstellungszweig verf\u00fcgt \u00fcber eine gro\u00dfe und hypermoderne Werkstatt mit einem fortgeschrittenen Maschinenpark. Durch das digitale Scannen von Baustellen und die Anwendung von 3D-Techniken ist es f\u00fcr uns m\u00f6glich, verschiedene Teile Ihres Umbaus vorzufertigen.<\/p>\n<h4><strong><div id=\"slider\" class=\"flexslider\"><ul class=\"slides\"><li id=\"img\" href=\"https:\/\/www.stamhuis.nl\/wp-content\/uploads\/2015\/11\/IMG_0210ret-1484x990.jpg\"><img decoding=\"async\" src=\"https:\/\/www.stamhuis.nl\/wp-content\/uploads\/2015\/11\/IMG_0210ret-1484x990.jpg\" \/><\/li><li id=\"img\" href=\"https:\/\/www.stamhuis.nl\/wp-content\/uploads\/2015\/11\/IMG_0017ret-1484x990.jpg\"><img decoding=\"async\" src=\"https:\/\/www.stamhuis.nl\/wp-content\/uploads\/2015\/11\/IMG_0017ret-1484x990.jpg\" \/><\/li><li id=\"img\" href=\"https:\/\/www.stamhuis.nl\/wp-content\/uploads\/2015\/11\/IMG_0266-1484x990.jpg\"><img decoding=\"async\" src=\"https:\/\/www.stamhuis.nl\/wp-content\/uploads\/2015\/11\/IMG_0266-1484x990.jpg\" \/><\/li><li id=\"img\" href=\"https:\/\/www.stamhuis.nl\/wp-content\/uploads\/2015\/11\/IMG_0013-1484x990.jpg\"><img decoding=\"async\" src=\"https:\/\/www.stamhuis.nl\/wp-content\/uploads\/2015\/11\/IMG_0013-1484x990.jpg\" \/><\/li><li id=\"img\" href=\"https:\/\/www.stamhuis.nl\/wp-content\/uploads\/2015\/11\/IMG_0286-1484x990.jpg\"><img decoding=\"async\" src=\"https:\/\/www.stamhuis.nl\/wp-content\/uploads\/2015\/11\/IMG_0286-1484x990.jpg\" \/><\/li><li id=\"img\" href=\"https:\/\/www.stamhuis.nl\/wp-content\/uploads\/2015\/11\/IMG_0009-1484x990.jpg\"><img decoding=\"async\" src=\"https:\/\/www.stamhuis.nl\/wp-content\/uploads\/2015\/11\/IMG_0009-1484x990.jpg\" \/><\/li><li id=\"img\" href=\"https:\/\/www.stamhuis.nl\/wp-content\/uploads\/2015\/11\/MG_0247-1484x990.jpg\"><img decoding=\"async\" src=\"https:\/\/www.stamhuis.nl\/wp-content\/uploads\/2015\/11\/MG_0247-1484x990.jpg\" \/><\/li><li id=\"img\" href=\"https:\/\/www.stamhuis.nl\/wp-content\/uploads\/2016\/02\/IMG_0004-1484x990.jpg\"><img decoding=\"async\" src=\"https:\/\/www.stamhuis.nl\/wp-content\/uploads\/2016\/02\/IMG_0004-1484x990.jpg\" \/><\/li><li id=\"img\" href=\"https:\/\/www.stamhuis.nl\/wp-content\/uploads\/2016\/02\/IMG_0205-1484x990.jpg\"><img decoding=\"async\" src=\"https:\/\/www.stamhuis.nl\/wp-content\/uploads\/2016\/02\/IMG_0205-1484x990.jpg\" \/><\/li><li id=\"img\" href=\"https:\/\/www.stamhuis.nl\/wp-content\/uploads\/2016\/02\/IMG_0187-1484x990.jpg\"><img decoding=\"async\" src=\"https:\/\/www.stamhuis.nl\/wp-content\/uploads\/2016\/02\/IMG_0187-1484x990.jpg\" \/><\/li><li id=\"img\" href=\"https:\/\/www.stamhuis.nl\/wp-content\/uploads\/2015\/11\/MG_02221-1484x990.jpg\"><img decoding=\"async\" src=\"https:\/\/www.stamhuis.nl\/wp-content\/uploads\/2015\/11\/MG_02221-1484x990.jpg\" \/><\/li><\/ul><\/div><div id=\"carousel\" class=\"flexslider\"><ul class=\"slides\"><li><img decoding=\"async\" src=\"https:\/\/www.stamhuis.nl\/wp-content\/uploads\/2015\/11\/IMG_0210ret-1484x990.jpg\" \/><div class=\"overlay\"><\/div><\/li><li><img decoding=\"async\" src=\"https:\/\/www.stamhuis.nl\/wp-content\/uploads\/2015\/11\/IMG_0017ret-1484x990.jpg\" \/><div class=\"overlay\"><\/div><\/li><li><img decoding=\"async\" src=\"https:\/\/www.stamhuis.nl\/wp-content\/uploads\/2015\/11\/IMG_0266-1484x990.jpg\" \/><div class=\"overlay\"><\/div><\/li><li><img decoding=\"async\" src=\"https:\/\/www.stamhuis.nl\/wp-content\/uploads\/2015\/11\/IMG_0013-1484x990.jpg\" \/><div class=\"overlay\"><\/div><\/li><li><img decoding=\"async\" src=\"https:\/\/www.stamhuis.nl\/wp-content\/uploads\/2015\/11\/IMG_0286-1484x990.jpg\" \/><div class=\"overlay\"><\/div><\/li><li><img decoding=\"async\" src=\"https:\/\/www.stamhuis.nl\/wp-content\/uploads\/2015\/11\/IMG_0009-1484x990.jpg\" \/><div class=\"overlay\"><\/div><\/li><li><img decoding=\"async\" src=\"https:\/\/www.stamhuis.nl\/wp-content\/uploads\/2015\/11\/MG_0247-1484x990.jpg\" \/><div class=\"overlay\"><\/div><\/li><li><img decoding=\"async\" src=\"https:\/\/www.stamhuis.nl\/wp-content\/uploads\/2016\/02\/IMG_0004-1484x990.jpg\" \/><div class=\"overlay\"><\/div><\/li><li><img decoding=\"async\" src=\"https:\/\/www.stamhuis.nl\/wp-content\/uploads\/2016\/02\/IMG_0205-1484x990.jpg\" \/><div class=\"overlay\"><\/div><\/li><li><img decoding=\"async\" src=\"https:\/\/www.stamhuis.nl\/wp-content\/uploads\/2016\/02\/IMG_0187-1484x990.jpg\" \/><div class=\"overlay\"><\/div><\/li><li><img decoding=\"async\" src=\"https:\/\/www.stamhuis.nl\/wp-content\/uploads\/2015\/11\/MG_02221-1484x990.jpg\" \/><div class=\"overlay\"><\/div><\/li><\/ul><\/div><\/strong><\/h4>\n<h4>Schneller ge\u00f6ffnet<\/h4>\n<p>Alles wird m\u00f6glichst in unserer modernen Werkstatt vorbereitet, sodass die Betriebs-, B\u00fcro- oder Ladeneinrichtung binnen einer Woche gebrauchsfertig ist. Unsere Arbeitsweise kennzeichnet sich durch eine pers\u00f6nliche Vorgehensweise, ein Auge f\u00fcr Detail und gediegenes fachm\u00e4nnisches K\u00f6nnen. Indem wir auf die Vorbereitung zus\u00e4tzliche Aufmerksamkeit verwenden, kann Ihr Projekt nicht nur einfach geplant werden, sondern wir k\u00f6nnen auch effizient (voraus)arbeiten. Das f\u00fchrt zu einer erheblichen Abnahme der Kosten und einer schnelleren Er\u00f6ffnung Ihres Projekts.<\/p>\n<h4>Optimales Preis-Qualit\u00e4tsverh\u00e4ltnis<\/h4>\n<p>Wir verf\u00fcgen \u00fcber fortgeschrittene CNC-Maschinen, mit denen wir Fertigbausysteme maschinell anfertigen k\u00f6nnen. Unsere Fachleute produzieren ma\u00dfgeschneiderte Innenausstattungen mit einem optimalen Preis-Qualit\u00e4tsverh\u00e4ltnis und b\u00fcrgen f\u00fcr eine sorgf\u00e4ltige Aufstellung und Montage. Atmosph\u00e4re, Ausstrahlung und Routing sehen Sie im Endergebnis deutlich zur\u00fcck. Vom Fu\u00dfboden bis zur Decke und von der Polsterung bis zur Einrichtung.<\/p>\n<p><a href=\"https:\/\/www.stamhuis.nl\/wp-content\/uploads\/2015\/11\/IMG_0072-1170x300.jpg\" rel=\"attachment wp-att-251\"><img loading=\"lazy\" decoding=\"async\" class=\"body-post-image alignnone wp-image-251 size-leftImage\" src=\"https:\/\/www.stamhuis.nl\/wp-content\/uploads\/2015\/11\/IMG_0072-1170x300.jpg\" alt=\"Bimmerman13\" width=\"1170\" height=\"300\" \/><\/a><\/p>\n<h4>Ein fester Ansprechpartner<\/h4>\n<p>Indem wir die Abteilungen Bau, Fertigstellung und Innenausstattung zusammenbringen, k\u00f6nnen wir Sie von A bis Z entlasten. Von der Entwurfsphase bis zur Realisierung bedienen wir Sie mit einem festen Ansprechpartner. So halten wir das Projekt flexibel und k\u00f6nnen wir noch schneller schalten. Unsere Fertigstellungs- und Innenausstattungsabteilung b\u00fcrgen f\u00fcr eine klare Koordinierung der Arbeiten und einen Umbau, der p\u00fcnktlich und vereinbarungsgem\u00e4\u00df ausgef\u00fchrt wird. Effiziente Arbeit ist unsere zweite Natur.<\/p>\n","protected":false},"excerpt":{"rendered":"<p>Bei Stamhuis bereiten wir jedes Projekt bis ins kleinste Detail vor. In unserer modernen Werkstatt in Medemblik besch\u00e4ftigen unsere erfahrenen Fachleute sich mit der Vorfertigung Ihrer ma\u00dfgeschneiderten Innenausstattung. Au\u00dferdem k\u00f6nnen wir die Fertigstellung Ihres Ladens, B\u00fcros, Betriebsrestaurants oder Appartements von einem Ansprechpartner aus koordinieren. Ihr Vorteil ist eine schnellere Er\u00f6ffnung Ihres Projekts zu erheblich niedrigeren Kosten! Vorfertigung Als wichtiger Bestandteil der Stamhuis Gruppe ist Bimmerman auf das gesamte Innenausstattungs- und Fertigstellungspaket spezialisiert: Von den ersten groben Abrissarbeiten bis zur Aufstellung der letzten M\u00f6bel. Unser Innenausstattungs- und Fertigstellungszweig verf\u00fcgt \u00fcber eine gro\u00dfe und hypermoderne Werkstatt mit einem fortgeschrittenen Maschinenpark. Durch das digitale Scannen von Baustellen und die Anwendung von 3D-Techniken ist es f\u00fcr uns m\u00f6glich, verschiedene Teile Ihres Umbaus vorzufertigen. Schneller ge\u00f6ffnet Alles wird m\u00f6glichst in unserer modernen Werkstatt vorbereitet, sodass die Betriebs-, B\u00fcro- oder Ladeneinrichtung binnen einer Woche gebrauchsfertig ist.&hellip;<\/p>\n","protected":false},"author":3,"featured_media":3828,"parent":3895,"menu_order":5,"comment_status":"closed","ping_status":"closed","template":"","meta":{"om_disable_all_campaigns":false,"_monsterinsights_skip_tracking":false,"_monsterinsights_sitenote_active":false,"_monsterinsights_sitenote_note":"","_monsterinsights_sitenote_category":0,"footnotes":""},"class_list":{"0":"post-3826","1":"page","4":"has-post-thumbnail","5":"hentry"},"_links":{"self":[{"href":"https:\/\/www.stamhuis.nl\/de\/wp-json\/wp\/v2\/pages\/3826","targetHints":{"allow":["GET"]}}],"collection":[{"href":"https:\/\/www.stamhuis.nl\/de\/wp-json\/wp\/v2\/pages"}],"about":[{"href":"https:\/\/www.stamhuis.nl\/de\/wp-json\/wp\/v2\/types\/page"}],"author":[{"embeddable":true,"href":"https:\/\/www.stamhuis.nl\/de\/wp-json\/wp\/v2\/users\/3"}],"replies":[{"embeddable":true,"href":"https:\/\/www.stamhuis.nl\/de\/wp-json\/wp\/v2\/comments?post=3826"}],"version-history":[{"count":0,"href":"https:\/\/www.stamhuis.nl\/de\/wp-json\/wp\/v2\/pages\/3826\/revisions"}],"up":[{"embeddable":true,"href":"https:\/\/www.stamhuis.nl\/de\/wp-json\/wp\/v2\/pages\/3895"}],"wp:featuredmedia":[{"embeddable":true,"href":"https:\/\/www.stamhuis.nl\/de\/wp-json\/wp\/v2\/media\/3828"}],"wp:attachment":[{"href":"https:\/\/www.stamhuis.nl\/de\/wp-json\/wp\/v2\/media?parent=3826"}],"curies":[{"name":"wp","href":"https:\/\/api.w.org\/{rel}","templated":true}]}}