{"id":3818,"date":"2016-05-04T10:29:52","date_gmt":"2016-05-04T09:29:52","guid":{"rendered":"https:\/\/www.stamhuis.nl\/de\/?page_id=3818"},"modified":"2016-07-08T14:25:06","modified_gmt":"2016-07-08T12:25:06","slug":"logistikdienstleistung-lagerung","status":"publish","type":"page","link":"https:\/\/www.stamhuis.nl\/de\/aktivitaten\/logistikdienstleistung-lagerung\/","title":{"rendered":"Logistikdienstleistung &#038; Lagerung"},"content":{"rendered":"<p class=\"intro\">Mit\u00a0unserer einmaligen Logistikdienstleistung k\u00f6nnen wir Ihre Ladenstellagen, Brotecken und Aktionsregale fertig und in dem exakt richtigen Moment am Ladenstandort abliefern.\u00a0Stamhuis Retail Services (Einzelhandelsservices) (de)montiert, registriert und transportiert alles ben\u00f6tigte Ladeninventar und baut dieses zuammen und bildet so den imagin\u00e4ren Motor hinter dem superschnellen Umbau oder der Renovierung Ihres Ladens. Au\u00dferdem fungiert dieser Betriebsteil als der logistische Mittelpunkt f\u00fcr\u00a0alle (Cross-Dock)Lieferungen.<\/p>\n<h4>Gr\u00fcndliche Vorbereitung<\/h4>\n<p>Ein qualitativ hochwertiger Umbau steht und f\u00e4llt mit einer gr\u00fcndlichen Vorbereitung. Darum wurde \u00fcber unsere Logistikprozesse ausf\u00fchrlich nachgedacht und unsere detaillierte Planung l\u00e4sst an Klarheit nichts zu w\u00fcnschen \u00fcbrig. Ob es nun um die richtige Reihenfolge des Einladens von Regalen oder um die Aufstellung kompletter Aktionsregale in Ihrem Laden geht: Stamhuis kennt den Weg. Den schnellsten Weg!<\/p>\n<h4><div id=\"slider\" class=\"flexslider\"><ul class=\"slides\"><li id=\"img\" href=\"https:\/\/www.stamhuis.nl\/wp-content\/uploads\/2015\/12\/IMG_0070-1484x990.jpg\"><img decoding=\"async\" src=\"https:\/\/www.stamhuis.nl\/wp-content\/uploads\/2015\/12\/IMG_0070-1484x990.jpg\" \/><\/li><li id=\"img\" href=\"https:\/\/www.stamhuis.nl\/wp-content\/uploads\/2015\/12\/IMG_0108-1484x990.jpg\"><img decoding=\"async\" src=\"https:\/\/www.stamhuis.nl\/wp-content\/uploads\/2015\/12\/IMG_0108-1484x990.jpg\" \/><\/li><li id=\"img\" href=\"https:\/\/www.stamhuis.nl\/wp-content\/uploads\/2015\/12\/IMG_0015-1484x990.jpg\"><img decoding=\"async\" src=\"https:\/\/www.stamhuis.nl\/wp-content\/uploads\/2015\/12\/IMG_0015-1484x990.jpg\" \/><\/li><li id=\"img\" href=\"https:\/\/www.stamhuis.nl\/wp-content\/uploads\/2015\/12\/IMG_02391-1484x990.jpg\"><img decoding=\"async\" src=\"https:\/\/www.stamhuis.nl\/wp-content\/uploads\/2015\/12\/IMG_02391-1484x990.jpg\" \/><\/li><li id=\"img\" href=\"https:\/\/www.stamhuis.nl\/wp-content\/uploads\/2015\/12\/IMG_0076-1484x990.jpg\"><img decoding=\"async\" src=\"https:\/\/www.stamhuis.nl\/wp-content\/uploads\/2015\/12\/IMG_0076-1484x990.jpg\" \/><\/li><li id=\"img\" href=\"https:\/\/www.stamhuis.nl\/wp-content\/uploads\/2015\/12\/IMG_04181-1484x990.jpg\"><img decoding=\"async\" src=\"https:\/\/www.stamhuis.nl\/wp-content\/uploads\/2015\/12\/IMG_04181-1484x990.jpg\" \/><\/li><li id=\"img\" href=\"https:\/\/www.stamhuis.nl\/wp-content\/uploads\/2015\/12\/MG_03832-1484x990.jpg\"><img decoding=\"async\" src=\"https:\/\/www.stamhuis.nl\/wp-content\/uploads\/2015\/12\/MG_03832-1484x990.jpg\" \/><\/li><li id=\"img\" href=\"https:\/\/www.stamhuis.nl\/wp-content\/uploads\/2015\/12\/IMG_0329-1484x990.jpg\"><img decoding=\"async\" src=\"https:\/\/www.stamhuis.nl\/wp-content\/uploads\/2015\/12\/IMG_0329-1484x990.jpg\" \/><\/li><li id=\"img\" href=\"https:\/\/www.stamhuis.nl\/wp-content\/uploads\/2015\/12\/MG_0338-1484x990.jpg\"><img decoding=\"async\" src=\"https:\/\/www.stamhuis.nl\/wp-content\/uploads\/2015\/12\/MG_0338-1484x990.jpg\" \/><\/li><\/ul><\/div><div id=\"carousel\" class=\"flexslider\"><ul class=\"slides\"><li><img decoding=\"async\" src=\"https:\/\/www.stamhuis.nl\/wp-content\/uploads\/2015\/12\/IMG_0070-1484x990.jpg\" \/><div class=\"overlay\"><\/div><\/li><li><img decoding=\"async\" src=\"https:\/\/www.stamhuis.nl\/wp-content\/uploads\/2015\/12\/IMG_0108-1484x990.jpg\" \/><div class=\"overlay\"><\/div><\/li><li><img decoding=\"async\" src=\"https:\/\/www.stamhuis.nl\/wp-content\/uploads\/2015\/12\/IMG_0015-1484x990.jpg\" \/><div class=\"overlay\"><\/div><\/li><li><img decoding=\"async\" src=\"https:\/\/www.stamhuis.nl\/wp-content\/uploads\/2015\/12\/IMG_02391-1484x990.jpg\" \/><div class=\"overlay\"><\/div><\/li><li><img decoding=\"async\" src=\"https:\/\/www.stamhuis.nl\/wp-content\/uploads\/2015\/12\/IMG_0076-1484x990.jpg\" \/><div class=\"overlay\"><\/div><\/li><li><img decoding=\"async\" src=\"https:\/\/www.stamhuis.nl\/wp-content\/uploads\/2015\/12\/IMG_04181-1484x990.jpg\" \/><div class=\"overlay\"><\/div><\/li><li><img decoding=\"async\" src=\"https:\/\/www.stamhuis.nl\/wp-content\/uploads\/2015\/12\/MG_03832-1484x990.jpg\" \/><div class=\"overlay\"><\/div><\/li><li><img decoding=\"async\" src=\"https:\/\/www.stamhuis.nl\/wp-content\/uploads\/2015\/12\/IMG_0329-1484x990.jpg\" \/><div class=\"overlay\"><\/div><\/li><li><img decoding=\"async\" src=\"https:\/\/www.stamhuis.nl\/wp-content\/uploads\/2015\/12\/MG_0338-1484x990.jpg\" \/><div class=\"overlay\"><\/div><\/li><\/ul><\/div><\/h4>\n<h4>Milit\u00e4rische Operation<\/h4>\n<p>Die Art und Weise, wie wir einen Laden umbauen, \u00e4hnelt sich sehr einer milit\u00e4rischen Operation. \u00dcber alles wurde nachgedacht und die Ausf\u00fchrungsarbeiten werden auf die Minute genau festgelegt. In unserem 20.000 m2 Lager in Utrecht findet die Lagerung des Inventars und die (Vor)Montage kompletter Ladenregale statt, die anschlie\u00dfend mit eigenen Gigaliner-Lastwagen transportiert werden. F\u00fcr die Montage Ihrer vormontierten Ladenregale reicht f\u00fcr uns ein Vormittag oder Nachmittag aus. Schneller geht nicht!<\/p>\n<h4>Schneller ge\u00f6ffnet<\/h4>\n<p>Unsere einmalige Arbeitsweise bringt interessante Vorteile mit sich. Indem wir Geschwindigkeit mit Qualit\u00e4t verschmelzen lassen (evt vervangen door kombinieren, realisieren wir eine niedrigere Investition in Ihren Umbau und eine schnellere Er\u00f6ffnung Ihres Ladens. Ein unn\u00f6tiger Umsatzverlust und Bel\u00e4stigung werden so auf ein Minimum beschr\u00e4nkt! Gut f\u00fcr Sie und \u00e4u\u00dferst angenehm f\u00fcr Ihre Kunden!<\/p>\n","protected":false},"excerpt":{"rendered":"<p>Mit\u00a0unserer einmaligen Logistikdienstleistung k\u00f6nnen wir Ihre Ladenstellagen, Brotecken und Aktionsregale fertig und in dem exakt richtigen Moment am Ladenstandort abliefern.\u00a0Stamhuis Retail Services (Einzelhandelsservices) (de)montiert, registriert und transportiert alles ben\u00f6tigte Ladeninventar und baut dieses zuammen und bildet so den imagin\u00e4ren Motor hinter dem superschnellen Umbau oder der Renovierung Ihres Ladens. Au\u00dferdem fungiert dieser Betriebsteil als der logistische Mittelpunkt f\u00fcr\u00a0alle (Cross-Dock)Lieferungen. Gr\u00fcndliche Vorbereitung Ein qualitativ hochwertiger Umbau steht und f\u00e4llt mit einer gr\u00fcndlichen Vorbereitung. Darum wurde \u00fcber unsere Logistikprozesse ausf\u00fchrlich nachgedacht und unsere detaillierte Planung l\u00e4sst an Klarheit nichts zu w\u00fcnschen \u00fcbrig. Ob es nun um die richtige Reihenfolge des Einladens von Regalen oder um die Aufstellung kompletter Aktionsregale in Ihrem Laden geht: Stamhuis kennt den Weg. Den schnellsten Weg! Milit\u00e4rische Operation Die Art und Weise, wie wir einen Laden umbauen, \u00e4hnelt sich sehr einer milit\u00e4rischen Operation. \u00dcber alles wurde nachgedacht und&hellip;<\/p>\n","protected":false},"author":3,"featured_media":3820,"parent":3895,"menu_order":3,"comment_status":"closed","ping_status":"closed","template":"","meta":{"om_disable_all_campaigns":false,"_monsterinsights_skip_tracking":false,"_monsterinsights_sitenote_active":false,"_monsterinsights_sitenote_note":"","_monsterinsights_sitenote_category":0,"footnotes":""},"class_list":{"0":"post-3818","1":"page","4":"has-post-thumbnail","5":"hentry"},"_links":{"self":[{"href":"https:\/\/www.stamhuis.nl\/de\/wp-json\/wp\/v2\/pages\/3818","targetHints":{"allow":["GET"]}}],"collection":[{"href":"https:\/\/www.stamhuis.nl\/de\/wp-json\/wp\/v2\/pages"}],"about":[{"href":"https:\/\/www.stamhuis.nl\/de\/wp-json\/wp\/v2\/types\/page"}],"author":[{"embeddable":true,"href":"https:\/\/www.stamhuis.nl\/de\/wp-json\/wp\/v2\/users\/3"}],"replies":[{"embeddable":true,"href":"https:\/\/www.stamhuis.nl\/de\/wp-json\/wp\/v2\/comments?post=3818"}],"version-history":[{"count":0,"href":"https:\/\/www.stamhuis.nl\/de\/wp-json\/wp\/v2\/pages\/3818\/revisions"}],"up":[{"embeddable":true,"href":"https:\/\/www.stamhuis.nl\/de\/wp-json\/wp\/v2\/pages\/3895"}],"wp:featuredmedia":[{"embeddable":true,"href":"https:\/\/www.stamhuis.nl\/de\/wp-json\/wp\/v2\/media\/3820"}],"wp:attachment":[{"href":"https:\/\/www.stamhuis.nl\/de\/wp-json\/wp\/v2\/media?parent=3818"}],"curies":[{"name":"wp","href":"https:\/\/api.w.org\/{rel}","templated":true}]}}