{"id":3812,"date":"2016-05-04T10:23:50","date_gmt":"2016-05-04T09:23:50","guid":{"rendered":"https:\/\/www.stamhuis.nl\/de\/?page_id=3812"},"modified":"2016-07-11T09:54:06","modified_gmt":"2016-07-11T07:54:06","slug":"projektmanagement","status":"publish","type":"page","link":"https:\/\/www.stamhuis.nl\/de\/aktivitaten\/projektmanagement\/","title":{"rendered":"Projektmanagement"},"content":{"rendered":"<p class=\"intro\">Ein qualitativ hochwertiger Umbau ist nicht m\u00f6glich ohne Anleitung und Koordinierung. Unsere Projektmanager \u00fcberwachen und verwalten Ihr Projekt ab der allerersten Idee bis zur letztendlichen \u00dcbergabe. Die Faktoren Qualit\u00e4t, Planung und Budget behalten wir w\u00e4hrend des gesamten Vorgangs immer im Auge.<\/p>\n<h4 class=\"intro\">Zufall ausschlie\u00dfen<\/h4>\n<p>Bei Stamhuis \u00fcberlassen wir nichts dem Zufall. Noch bevor wir mit dem Umbau Ihres Ladens, B\u00fcros, Restaurants oder Pflegehotels beginnen, haben wir uns alles bereits ausf\u00fchrlich ausgedacht und durchgesprochen. Weil wir jedes Projekt bis ins Detail vorbereiten und f\u00fcr eine und deutliche Koordinierung interner und externer Partner sorgen, verbuchen wir jedes Mal wieder verbl\u00fcffende Ergebnisse. Mit unserem konstanten Fokus auf Qualit\u00e4tsverbesserung, Innovation und Integralit\u00e4t realisieren wir f\u00fcr unseren Kunden einen Mehrwert.<\/p>\n<p><a href=\"https:\/\/www.stamhuis.nl\/wp-content\/uploads\/2015\/11\/rks20151225-IMG8870-2-1000x300.jpg\" rel=\"attachment wp-att-1726\"><img loading=\"lazy\" decoding=\"async\" class=\"body-post-image alignnone wp-image-1726 size-leftImage\" src=\"https:\/\/www.stamhuis.nl\/wp-content\/uploads\/2015\/11\/rks20151225-IMG8870-2-1000x300.jpg\" alt=\"rks20151225-IMG8870-2\" width=\"1000\" height=\"300\" \/><\/a><\/p>\n<h4>V\u00f6llige Transparenz<\/h4>\n<p>Weil der Bau oder die Einrichtung eines Ladens, B\u00fcros oder (kommerziellen) Immobilienprojekts ein kapitalintensiver Prozess ist, haben wir die Kosten\u00fcberwachung zu unserer zweiten Natur gemacht. Wir folgen das vereinbarten Budget genau und besprechen dieses v\u00f6llig transparant mit Ihnen. Mittels Re-Engineering und Prozessoptimierung sind wir au\u00dferdem in der Lage, interessante Kosteneinsparungen zu realisieren.<\/p>\n<h4>Einsparungen<\/h4>\n<p>Stamhuis ist ein unabh\u00e4ngiger Baupartner, der gerne mit anderen Parteien zusammenarbeitet. Mit unserer langj\u00e4hrigen Erfahrung sehen wir schnell, wo f\u00fcr Sie Einsparungen m\u00f6glich sind. Zum Beispiel durch \u00dcberholung und Wiederverwendung des bestehenden Inventars. Oder durch den Einsatz alternativer Materialien und energiesparender Techniken. Stamhuis kann sogar die komplette Vorratsverwaltung Ihres Ladeninventars \u00fcbernehmen. Service im wahrsten Sinne des Wortes also!<\/p>\n<h4>Ma\u00dfgeschneidertes Projektmanagement<\/h4>\n<p>Bei Stamhuis stellen wir f\u00fcr jeden Ladentyp ein Team mit erfahrenen Spezialisten zusammen, das den effektiven Rollout und die \u00dcberwachung Ihres Ladenkonzepts sicherstellt. Vom Stamhuis Entwurfs- &amp; Managementb\u00fcro (SEM) aus versorgen wir die Anleitung und Koordinierung f\u00fcr Ahold-Projekte sowie Ladenumbauten f\u00fcr Albert Heijn, Etos und Gall &amp; Gall. Das B\u00fcro Stamhuis Projektmanagement (SPM) versorgt das Projektmanagement f\u00fcr L\u00e4den von unter anderem Blokker, Action, La Ligna und Le Perron. Beide B\u00fcros sind in der Lage, den kompletten (Um)Bauvorgang zu koordinieren: vom Rohbau bis zur Fertigstellung.<\/p>\n","protected":false},"excerpt":{"rendered":"<p>Ein qualitativ hochwertiger Umbau ist nicht m\u00f6glich ohne Anleitung und Koordinierung. Unsere Projektmanager \u00fcberwachen und verwalten Ihr Projekt ab der allerersten Idee bis zur letztendlichen \u00dcbergabe. Die Faktoren Qualit\u00e4t, Planung und Budget behalten wir w\u00e4hrend des gesamten Vorgangs immer im Auge. Zufall ausschlie\u00dfen Bei Stamhuis \u00fcberlassen wir nichts dem Zufall. Noch bevor wir mit dem Umbau Ihres Ladens, B\u00fcros, Restaurants oder Pflegehotels beginnen, haben wir uns alles bereits ausf\u00fchrlich ausgedacht und durchgesprochen. Weil wir jedes Projekt bis ins Detail vorbereiten und f\u00fcr eine und deutliche Koordinierung interner und externer Partner sorgen, verbuchen wir jedes Mal wieder verbl\u00fcffende Ergebnisse. Mit unserem konstanten Fokus auf Qualit\u00e4tsverbesserung, Innovation und Integralit\u00e4t realisieren wir f\u00fcr unseren Kunden einen Mehrwert. V\u00f6llige Transparenz Weil der Bau oder die Einrichtung eines Ladens, B\u00fcros oder (kommerziellen) Immobilienprojekts ein kapitalintensiver Prozess ist, haben wir die Kosten\u00fcberwachung zu unserer zweiten Natur&hellip;<\/p>\n","protected":false},"author":3,"featured_media":3816,"parent":3895,"menu_order":2,"comment_status":"closed","ping_status":"closed","template":"","meta":{"om_disable_all_campaigns":false,"_monsterinsights_skip_tracking":false,"_monsterinsights_sitenote_active":false,"_monsterinsights_sitenote_note":"","_monsterinsights_sitenote_category":0,"footnotes":""},"class_list":{"0":"post-3812","1":"page","4":"has-post-thumbnail","5":"hentry"},"_links":{"self":[{"href":"https:\/\/www.stamhuis.nl\/de\/wp-json\/wp\/v2\/pages\/3812","targetHints":{"allow":["GET"]}}],"collection":[{"href":"https:\/\/www.stamhuis.nl\/de\/wp-json\/wp\/v2\/pages"}],"about":[{"href":"https:\/\/www.stamhuis.nl\/de\/wp-json\/wp\/v2\/types\/page"}],"author":[{"embeddable":true,"href":"https:\/\/www.stamhuis.nl\/de\/wp-json\/wp\/v2\/users\/3"}],"replies":[{"embeddable":true,"href":"https:\/\/www.stamhuis.nl\/de\/wp-json\/wp\/v2\/comments?post=3812"}],"version-history":[{"count":0,"href":"https:\/\/www.stamhuis.nl\/de\/wp-json\/wp\/v2\/pages\/3812\/revisions"}],"up":[{"embeddable":true,"href":"https:\/\/www.stamhuis.nl\/de\/wp-json\/wp\/v2\/pages\/3895"}],"wp:featuredmedia":[{"embeddable":true,"href":"https:\/\/www.stamhuis.nl\/de\/wp-json\/wp\/v2\/media\/3816"}],"wp:attachment":[{"href":"https:\/\/www.stamhuis.nl\/de\/wp-json\/wp\/v2\/media?parent=3812"}],"curies":[{"name":"wp","href":"https:\/\/api.w.org\/{rel}","templated":true}]}}