{"id":3705,"date":"2015-11-20T09:35:05","date_gmt":"2015-11-20T08:35:05","guid":{"rendered":"https:\/\/www.stamhuis.nl\/de\/contact\/"},"modified":"2018-05-04T13:35:24","modified_gmt":"2018-05-04T11:35:24","slug":"kontakt","status":"publish","type":"page","link":"https:\/\/www.stamhuis.nl\/de\/kontakt\/","title":{"rendered":"Kontakt"},"content":{"rendered":"<p><strong>Sind Sie auf der Suche nach einem erfahrenen und engagierten Spezialisten auf den Gebieten Projektmanagement, Innenausstattung und Fertigstellung? Oder m\u00f6chten Sie mehr \u00fcber die Machbarkeit und Ausf\u00fchrung Ihres Einzelhandels-, Innenausstattungs-, Nutzbau- oder Immobilienprojekts wissen? Dann sind Sie bei Stamhuis an der richtigen Adresse!<\/strong><\/p>\n<p>Die Stamhuis Gruppe besteht aus elf spezialisierten Unternehmen, die St\u00fcck f\u00fcr St\u00fcck und gemeinsam ein stabiles und professionelles Unternehmen bilden. Also tragen Sie sich schon eine Zeit lang mit Pl\u00e4nen f\u00fcr einen Umbau, Sie wissen aber nicht genau, wie Sie diese in Angriff nehmen m\u00fcssen? Oder sind Sie auf der Suche nach einem Ausf\u00fchrungspartner, der wirklich mit Ihnen mitdenkt und Ihnen immer wieder einen Schritt voraus ist? Nehmen Sie dann ruhig Kontakt mit uns auf. Unsere Spezialisten stehen f\u00fcr Sie bereit!<\/p>\n<h4>Kontaktformular<\/h4>\n<p>Mittels des nachstehenden Kontaktformulars k\u00f6nnen Sie eine Nachricht hinterlassen.\u00a0Wir verwenden Ihre Informationen nur um Ihre Nachricht zu antworten, und nicht f\u00fcr andere Zwecke.<\/p>\n\n<div class=\"wpcf7 no-js\" id=\"wpcf7-f3703-o1\" lang=\"nl-NL\" dir=\"ltr\" data-wpcf7-id=\"3703\">\n<div class=\"screen-reader-response\"><p role=\"status\" aria-live=\"polite\" aria-atomic=\"true\"><\/p> <ul><\/ul><\/div>\n<form action=\"\/de\/wp-json\/wp\/v2\/pages\/3705#wpcf7-f3703-o1\" method=\"post\" class=\"wpcf7-form init\" aria-label=\"Contactformulier\" novalidate=\"novalidate\" data-status=\"init\">\n<fieldset class=\"hidden-fields-container\"><input type=\"hidden\" name=\"_wpcf7\" value=\"3703\" \/><input type=\"hidden\" name=\"_wpcf7_version\" value=\"6.1.3\" \/><input type=\"hidden\" name=\"_wpcf7_locale\" value=\"nl_NL\" \/><input type=\"hidden\" name=\"_wpcf7_unit_tag\" value=\"wpcf7-f3703-o1\" \/><input type=\"hidden\" name=\"_wpcf7_container_post\" value=\"0\" \/><input type=\"hidden\" name=\"_wpcf7_posted_data_hash\" value=\"\" \/>\n<\/fieldset>\n<p class='half'><label for=\"Naam\">Name <span>*<\/span><\/label><span class=\"wpcf7-form-control-wrap\" data-name=\"naam\"><input size=\"40\" maxlength=\"400\" class=\"wpcf7-form-control wpcf7-text wpcf7-validates-as-required\" aria-required=\"true\" aria-invalid=\"false\" value=\"\" type=\"text\" name=\"naam\" \/><\/span>\n<\/p>\n<p class='half'><label for=\"email\">E-mail <span>*<\/span><\/label><span class=\"wpcf7-form-control-wrap\" data-name=\"email\"><input size=\"40\" maxlength=\"400\" class=\"wpcf7-form-control wpcf7-email wpcf7-validates-as-required wpcf7-text wpcf7-validates-as-email\" aria-required=\"true\" aria-invalid=\"false\" value=\"\" type=\"email\" name=\"email\" \/><\/span>\n<\/p>\n<p class='full'><label for=\"Naam\">Thema <span>*<\/span><\/label><span class=\"wpcf7-form-control-wrap\" data-name=\"onderwerp\"><input size=\"40\" maxlength=\"400\" class=\"wpcf7-form-control wpcf7-text wpcf7-validates-as-required\" aria-required=\"true\" aria-invalid=\"false\" value=\"\" type=\"text\" name=\"onderwerp\" \/><\/span>\n<\/p>\n<p class='full'><label for=\"bericht\">Nachricht <span>*<\/span><\/label><span class=\"wpcf7-form-control-wrap\" data-name=\"bericht\"><textarea cols=\"40\" rows=\"10\" maxlength=\"2000\" class=\"wpcf7-form-control wpcf7-textarea wpcf7-validates-as-required\" aria-required=\"true\" aria-invalid=\"false\" name=\"bericht\"><\/textarea><\/span>\n<\/p>\n<p class='full'><input class=\"wpcf7-form-control wpcf7-submit has-spinner button arrow yellow\" type=\"submit\" value=\"Senden\" \/>\n<\/p>\n<p class=\"full\">Mit dem Versenden dieses Formulares erkl\u00e4ren Sie sich mit unseren <a href=\"https:\/\/www.stamhuis.nl\/de\/privacy-statement\/\" target=\"blank\">Datenschutzrichtlinien<\/a> einverstanden.\n<\/p><div class=\"wpcf7-response-output\" aria-hidden=\"true\"><\/div>\n<\/form>\n<\/div>\n\n","protected":false},"excerpt":{"rendered":"<p>Sind Sie auf der Suche nach einem erfahrenen und engagierten Spezialisten auf den Gebieten Projektmanagement, Innenausstattung und Fertigstellung? Oder m\u00f6chten Sie mehr \u00fcber die Machbarkeit und Ausf\u00fchrung Ihres Einzelhandels-, Innenausstattungs-, Nutzbau- oder Immobilienprojekts wissen? Dann sind Sie bei Stamhuis an der richtigen Adresse! Die Stamhuis Gruppe besteht aus elf spezialisierten Unternehmen, die St\u00fcck f\u00fcr St\u00fcck und gemeinsam ein stabiles und professionelles Unternehmen bilden. Also tragen Sie sich schon eine Zeit lang mit Pl\u00e4nen f\u00fcr einen Umbau, Sie wissen aber nicht genau, wie Sie diese in Angriff nehmen m\u00fcssen? Oder sind Sie auf der Suche nach einem Ausf\u00fchrungspartner, der wirklich mit Ihnen mitdenkt und Ihnen immer wieder einen Schritt voraus ist? Nehmen Sie dann ruhig Kontakt mit uns auf. Unsere Spezialisten stehen f\u00fcr Sie bereit! Kontaktformular Mittels des nachstehenden Kontaktformulars k\u00f6nnen Sie eine Nachricht hinterlassen.\u00a0Wir verwenden Ihre Informationen nur um Ihre&hellip;<\/p>\n","protected":false},"author":1,"featured_media":3706,"parent":0,"menu_order":0,"comment_status":"closed","ping_status":"closed","template":"template-contact.php","meta":{"om_disable_all_campaigns":false,"_monsterinsights_skip_tracking":false,"_monsterinsights_sitenote_active":false,"_monsterinsights_sitenote_note":"","_monsterinsights_sitenote_category":0,"footnotes":""},"class_list":{"0":"post-3705","1":"page","4":"has-post-thumbnail","5":"hentry"},"_links":{"self":[{"href":"https:\/\/www.stamhuis.nl\/de\/wp-json\/wp\/v2\/pages\/3705","targetHints":{"allow":["GET"]}}],"collection":[{"href":"https:\/\/www.stamhuis.nl\/de\/wp-json\/wp\/v2\/pages"}],"about":[{"href":"https:\/\/www.stamhuis.nl\/de\/wp-json\/wp\/v2\/types\/page"}],"author":[{"embeddable":true,"href":"https:\/\/www.stamhuis.nl\/de\/wp-json\/wp\/v2\/users\/1"}],"replies":[{"embeddable":true,"href":"https:\/\/www.stamhuis.nl\/de\/wp-json\/wp\/v2\/comments?post=3705"}],"version-history":[{"count":0,"href":"https:\/\/www.stamhuis.nl\/de\/wp-json\/wp\/v2\/pages\/3705\/revisions"}],"wp:featuredmedia":[{"embeddable":true,"href":"https:\/\/www.stamhuis.nl\/de\/wp-json\/wp\/v2\/media\/3706"}],"wp:attachment":[{"href":"https:\/\/www.stamhuis.nl\/de\/wp-json\/wp\/v2\/media?parent=3705"}],"curies":[{"name":"wp","href":"https:\/\/api.w.org\/{rel}","templated":true}]}}