{"id":2964,"date":"2015-11-23T13:23:58","date_gmt":"2015-11-23T12:23:58","guid":{"rendered":"https:\/\/www.stamhuis.nl\/de\/bouw-vastgoed\/"},"modified":"2016-07-04T13:27:15","modified_gmt":"2016-07-04T11:27:15","slug":"bau-immobilien","status":"publish","type":"page","link":"https:\/\/www.stamhuis.nl\/de\/aktivitaten\/bau-immobilien\/","title":{"rendered":"Bau &#038; Immobilien"},"content":{"rendered":"<p class=\"intro\">Ein gelungenes Bau- oder Immobilienprojekt sieht nicht nur aus, sondern ist auch funktionell, komfortabel, sicher und nachhaltig. Alles dreht sich um die Person, die im neuen Geb\u00e4ude wohnen, arbeiten, einkaufen oder sich erholen wird. Diese Betrachtungsweise resultiert in zukunftssicheren und nachhaltigen Projekten, wor\u00fcber sich der Endverbraucher freuen wird. Weniger ist f\u00fcr uns nicht genug!<\/p>\n<h4>Multidisziplin\u00e4re Vorgehensweise<\/h4>\n<p>Als unabh\u00e4ngiger und engagierter Berater organisiert Stamhuis den gesamten Prozess f\u00fcr Sie. Vom Konzept bis zur Realisierung und vom ersten Bleistiftstrich bis zum letzten Baustein. Dar\u00fcber hinaus k\u00f6nnen wir auch die Rolle des Projektentwicklers \u00fcbernehmen. Wir glauben an eine Multidisziplin\u00e4re Vorgehensweise; wir bringen f\u00fcr ein optimales Endergebnis Sach- und Fachkenntnisse von verschiedenen Fachgebieten zusammen. Unser Fachwissen setzen wir dazu ein, Ihr Projekt (vom Einkaufszentrum bis zur Wohnanlage) schnell und nach den h\u00f6chsten Qualit\u00e4tsanforderungen zu \u00fcbergeben. Und das alles mit einem Minimum an Stress und Kosten.<\/p>\n<h4><div id=\"slider\" class=\"flexslider\"><ul class=\"slides\"><li id=\"img\" href=\"https:\/\/www.stamhuis.nl\/wp-content\/uploads\/2016\/02\/AH1146-nieuw-15-1484x990.jpg\"><img decoding=\"async\" src=\"https:\/\/www.stamhuis.nl\/wp-content\/uploads\/2016\/02\/AH1146-nieuw-15-1484x990.jpg\" \/><\/li><li id=\"img\" href=\"https:\/\/www.stamhuis.nl\/wp-content\/uploads\/2015\/12\/15515753747_54fc01fbfa_c.jpg\"><img decoding=\"async\" src=\"https:\/\/www.stamhuis.nl\/wp-content\/uploads\/2015\/12\/15515753747_54fc01fbfa_c.jpg\" \/><\/li><li id=\"img\" href=\"https:\/\/www.stamhuis.nl\/wp-content\/uploads\/2016\/02\/P1030925-1484x990.jpg\"><img decoding=\"async\" src=\"https:\/\/www.stamhuis.nl\/wp-content\/uploads\/2016\/02\/P1030925-1484x990.jpg\" \/><\/li><li id=\"img\" href=\"https:\/\/www.stamhuis.nl\/wp-content\/uploads\/2015\/12\/home_5.jpg\"><img decoding=\"async\" src=\"https:\/\/www.stamhuis.nl\/wp-content\/uploads\/2015\/12\/home_5.jpg\" \/><\/li><li id=\"img\" href=\"https:\/\/www.stamhuis.nl\/wp-content\/uploads\/2016\/02\/P1030913-1484x990.jpg\"><img decoding=\"async\" src=\"https:\/\/www.stamhuis.nl\/wp-content\/uploads\/2016\/02\/P1030913-1484x990.jpg\" \/><\/li><li id=\"img\" href=\"https:\/\/www.stamhuis.nl\/wp-content\/uploads\/2015\/12\/home_1.jpg\"><img decoding=\"async\" src=\"https:\/\/www.stamhuis.nl\/wp-content\/uploads\/2015\/12\/home_1.jpg\" \/><\/li><li id=\"img\" href=\"https:\/\/www.stamhuis.nl\/wp-content\/uploads\/2016\/02\/AH1146-nieuw-10-1484x990.jpg\"><img decoding=\"async\" src=\"https:\/\/www.stamhuis.nl\/wp-content\/uploads\/2016\/02\/AH1146-nieuw-10-1484x990.jpg\" \/><\/li><li id=\"img\" href=\"https:\/\/www.stamhuis.nl\/wp-content\/uploads\/2015\/12\/home_3.jpg\"><img decoding=\"async\" src=\"https:\/\/www.stamhuis.nl\/wp-content\/uploads\/2015\/12\/home_3.jpg\" \/><\/li><\/ul><\/div><div id=\"carousel\" class=\"flexslider\"><ul class=\"slides\"><li><img decoding=\"async\" src=\"https:\/\/www.stamhuis.nl\/wp-content\/uploads\/2016\/02\/AH1146-nieuw-15-1484x990.jpg\" \/><div class=\"overlay\"><\/div><\/li><li><img decoding=\"async\" src=\"https:\/\/www.stamhuis.nl\/wp-content\/uploads\/2015\/12\/15515753747_54fc01fbfa_c.jpg\" \/><div class=\"overlay\"><\/div><\/li><li><img decoding=\"async\" src=\"https:\/\/www.stamhuis.nl\/wp-content\/uploads\/2016\/02\/P1030925-1484x990.jpg\" \/><div class=\"overlay\"><\/div><\/li><li><img decoding=\"async\" src=\"https:\/\/www.stamhuis.nl\/wp-content\/uploads\/2015\/12\/home_5.jpg\" \/><div class=\"overlay\"><\/div><\/li><li><img decoding=\"async\" src=\"https:\/\/www.stamhuis.nl\/wp-content\/uploads\/2016\/02\/P1030913-1484x990.jpg\" \/><div class=\"overlay\"><\/div><\/li><li><img decoding=\"async\" src=\"https:\/\/www.stamhuis.nl\/wp-content\/uploads\/2015\/12\/home_1.jpg\" \/><div class=\"overlay\"><\/div><\/li><li><img decoding=\"async\" src=\"https:\/\/www.stamhuis.nl\/wp-content\/uploads\/2016\/02\/AH1146-nieuw-10-1484x990.jpg\" \/><div class=\"overlay\"><\/div><\/li><li><img decoding=\"async\" src=\"https:\/\/www.stamhuis.nl\/wp-content\/uploads\/2015\/12\/home_3.jpg\" \/><div class=\"overlay\"><\/div><\/li><\/ul><\/div><\/h4>\n<h4>Integrale Dienstleistung<\/h4>\n<p>Unsere Berater und Projektmanager verf\u00fcgen \u00fcber profunde Sach- und Fachkenntnisse \u00fcber komplexe Projekte im Wohnungsbau, Nutzbau und in den Gewerbeimmobilien. Dabei koppeln wir unsere integrale Dienstleistung an eine gro\u00dfe Sachkenntnis auf dem Gebiet der Nachhaltigkeit. Wir denken gerne mit Ihnen \u00fcber nachhaltige L\u00f6sungen und Anwendungen mit. Immer in Beziehung zum finanziellen Wert und zur Machbarkeit Ihres Projekts.<\/p>\n<h4>Gesamtl\u00f6sung<\/h4>\n<p>Indem Sie sich f\u00fcr Stamhuis entscheiden, entscheiden Sie sich f\u00fcr ein renommiertes und mitdenkendes Bauunternehmen mit einer beeindruckenden Umsetzungsleistung. Stamhuis nimmt Ihnen all Ihre Sorgen ab und kann die Verantwortung f\u00fcr den vollst\u00e4ndigen Umbau \u00fcbernehmen, auf Wunsch einschlie\u00dflich der Beantragung von Genehmigungen. Dank dieser einmaligen Arbeitsweise sind Sie sich einer Gesamtl\u00f6sung sicher und brauchen Sie sich um nichts zu k\u00fcmmern.<\/p>\n<h4>Kurze Bauzeit<\/h4>\n<p>F\u00fcr jedes Projekt machen wir von den Sach- und Fachkenntnissen Gebrauch, die wir in unserer langen Geschichte gesammelt haben. Die Kombination aus ausgezeichneten Einrichtungen, einer Planung und dem Einsatz erfahrener Fachleute versetzt Stamhuis in die Lage, in kurzer Zeit die unterschiedlichsten Projekte zu einem Erfolg zu machen. Dadurch ist unser Unternehmen im Baugewerbe einmalig!<\/p>\n","protected":false},"excerpt":{"rendered":"<p>Ein gelungenes Bau- oder Immobilienprojekt sieht nicht nur aus, sondern ist auch funktionell, komfortabel, sicher und nachhaltig. Alles dreht sich um die Person, die im neuen Geb\u00e4ude wohnen, arbeiten, einkaufen oder sich erholen wird. Diese Betrachtungsweise resultiert in zukunftssicheren und nachhaltigen Projekten, wor\u00fcber sich der Endverbraucher freuen wird. Weniger ist f\u00fcr uns nicht genug! Multidisziplin\u00e4re Vorgehensweise Als unabh\u00e4ngiger und engagierter Berater organisiert Stamhuis den gesamten Prozess f\u00fcr Sie. Vom Konzept bis zur Realisierung und vom ersten Bleistiftstrich bis zum letzten Baustein. Dar\u00fcber hinaus k\u00f6nnen wir auch die Rolle des Projektentwicklers \u00fcbernehmen. Wir glauben an eine Multidisziplin\u00e4re Vorgehensweise; wir bringen f\u00fcr ein optimales Endergebnis Sach- und Fachkenntnisse von verschiedenen Fachgebieten zusammen. Unser Fachwissen setzen wir dazu ein, Ihr Projekt (vom Einkaufszentrum bis zur Wohnanlage) schnell und nach den h\u00f6chsten Qualit\u00e4tsanforderungen zu \u00fcbergeben. Und das alles mit einem Minimum an Stress und&hellip;<\/p>\n","protected":false},"author":1,"featured_media":2966,"parent":3895,"menu_order":4,"comment_status":"closed","ping_status":"closed","template":"","meta":{"om_disable_all_campaigns":false,"_monsterinsights_skip_tracking":false,"_monsterinsights_sitenote_active":false,"_monsterinsights_sitenote_note":"","_monsterinsights_sitenote_category":0,"footnotes":""},"class_list":{"0":"post-2964","1":"page","4":"has-post-thumbnail","5":"hentry"},"_links":{"self":[{"href":"https:\/\/www.stamhuis.nl\/de\/wp-json\/wp\/v2\/pages\/2964","targetHints":{"allow":["GET"]}}],"collection":[{"href":"https:\/\/www.stamhuis.nl\/de\/wp-json\/wp\/v2\/pages"}],"about":[{"href":"https:\/\/www.stamhuis.nl\/de\/wp-json\/wp\/v2\/types\/page"}],"author":[{"embeddable":true,"href":"https:\/\/www.stamhuis.nl\/de\/wp-json\/wp\/v2\/users\/1"}],"replies":[{"embeddable":true,"href":"https:\/\/www.stamhuis.nl\/de\/wp-json\/wp\/v2\/comments?post=2964"}],"version-history":[{"count":0,"href":"https:\/\/www.stamhuis.nl\/de\/wp-json\/wp\/v2\/pages\/2964\/revisions"}],"up":[{"embeddable":true,"href":"https:\/\/www.stamhuis.nl\/de\/wp-json\/wp\/v2\/pages\/3895"}],"wp:featuredmedia":[{"embeddable":true,"href":"https:\/\/www.stamhuis.nl\/de\/wp-json\/wp\/v2\/media\/2966"}],"wp:attachment":[{"href":"https:\/\/www.stamhuis.nl\/de\/wp-json\/wp\/v2\/media?parent=2964"}],"curies":[{"name":"wp","href":"https:\/\/api.w.org\/{rel}","templated":true}]}}