{"id":2960,"date":"2015-11-23T13:23:04","date_gmt":"2015-11-23T12:23:04","guid":{"rendered":"https:\/\/www.stamhuis.nl\/de\/advies-engineering-ontwerp\/"},"modified":"2017-03-09T14:09:16","modified_gmt":"2017-03-09T13:09:16","slug":"beratung-engineering","status":"publish","type":"page","link":"https:\/\/www.stamhuis.nl\/de\/aktivitaten\/beratung-engineering\/","title":{"rendered":"Beratung &#038; Engineering"},"content":{"rendered":"<p class=\"intro\">Kommt Ihr neues (Laden)Konzept an der vorgeschlagenen (Neu)Baustelle eigentlich voll zur Geltung? Und wie ist es um die Machbarkeit Ihres Projekts bestellt? Diese und andere Fragen beantworten wir vor Beginn der Ausf\u00fchrung auf sachkundige Weise. Durch die Signalierung von Chancen und Beschr\u00e4nkungen in einem fr\u00fchzeitigen Stadium und sich darauf auf intelligente Weise einzustellen, werden Sie nie \u00dcberraschungen erleben.<\/p>\n<h4>Schnellere \u00dcbersicht \u00fcber die Kosten<\/h4>\n<p>Ein reibungsloser und effizienter Umbau ist ohne die Sachkenntnisse unserer Spezialisten nicht m\u00f6glich. Darum werden unsere Sachverst\u00e4ndigen sogar vor Unterzeichnung des Miet- oder Kaufvertrags bereits am Bau beteiligt. In der Verhandlungsphase beurteilen wir die Vertr\u00e4ge und begutachten verschiedene bautechnische und konstruktive Fragen. Damit bekommen Sie schneller eine \u00dcbersicht \u00fcber die Kosten und Sie wissen genau, woran Sie sind.<\/p>\n<p><strong><div id=\"slider\" class=\"flexslider\"><ul class=\"slides\"><li id=\"img\" href=\"https:\/\/www.stamhuis.nl\/wp-content\/uploads\/2016\/03\/AH-8753-Gorredijk-SLO-GWP-v3-1484x990.jpg\"><img decoding=\"async\" src=\"https:\/\/www.stamhuis.nl\/wp-content\/uploads\/2016\/03\/AH-8753-Gorredijk-SLO-GWP-v3-1484x990.jpg\" \/><\/li><li id=\"img\" href=\"https:\/\/www.stamhuis.nl\/wp-content\/uploads\/2016\/03\/8753-Gorredijk-3D-1484x990.jpg\"><img decoding=\"async\" src=\"https:\/\/www.stamhuis.nl\/wp-content\/uploads\/2016\/03\/8753-Gorredijk-3D-1484x990.jpg\" \/><\/li><li id=\"img\" href=\"https:\/\/www.stamhuis.nl\/wp-content\/uploads\/2015\/12\/IMG_0584-1484x990.jpg\"><img decoding=\"async\" src=\"https:\/\/www.stamhuis.nl\/wp-content\/uploads\/2015\/12\/IMG_0584-1484x990.jpg\" \/><\/li><li id=\"img\" href=\"https:\/\/www.stamhuis.nl\/wp-content\/uploads\/2015\/12\/IMG_0614-1484x990.jpg\"><img decoding=\"async\" src=\"https:\/\/www.stamhuis.nl\/wp-content\/uploads\/2015\/12\/IMG_0614-1484x990.jpg\" \/><\/li><li id=\"img\" href=\"https:\/\/www.stamhuis.nl\/wp-content\/uploads\/2015\/12\/IMG_0596-1484x990.jpg\"><img decoding=\"async\" src=\"https:\/\/www.stamhuis.nl\/wp-content\/uploads\/2015\/12\/IMG_0596-1484x990.jpg\" \/><\/li><li id=\"img\" href=\"https:\/\/www.stamhuis.nl\/wp-content\/uploads\/2015\/12\/IMG_0593-1484x990.jpg\"><img decoding=\"async\" src=\"https:\/\/www.stamhuis.nl\/wp-content\/uploads\/2015\/12\/IMG_0593-1484x990.jpg\" \/><\/li><li id=\"img\" href=\"https:\/\/www.stamhuis.nl\/wp-content\/uploads\/2015\/12\/IMG_0557-e1453119509685-1484x990.jpg\"><img decoding=\"async\" src=\"https:\/\/www.stamhuis.nl\/wp-content\/uploads\/2015\/12\/IMG_0557-e1453119509685-1484x990.jpg\" \/><\/li><li id=\"img\" href=\"https:\/\/www.stamhuis.nl\/wp-content\/uploads\/2015\/12\/IMG_0553-1484x990.jpg\"><img decoding=\"async\" src=\"https:\/\/www.stamhuis.nl\/wp-content\/uploads\/2015\/12\/IMG_0553-1484x990.jpg\" \/><\/li><li id=\"img\" href=\"https:\/\/www.stamhuis.nl\/wp-content\/uploads\/2015\/12\/IMG_0539-1484x990.jpg\"><img decoding=\"async\" src=\"https:\/\/www.stamhuis.nl\/wp-content\/uploads\/2015\/12\/IMG_0539-1484x990.jpg\" \/><\/li><\/ul><\/div><div id=\"carousel\" class=\"flexslider\"><ul class=\"slides\"><li><img decoding=\"async\" src=\"https:\/\/www.stamhuis.nl\/wp-content\/uploads\/2016\/03\/AH-8753-Gorredijk-SLO-GWP-v3-1484x990.jpg\" \/><div class=\"overlay\"><\/div><\/li><li><img decoding=\"async\" src=\"https:\/\/www.stamhuis.nl\/wp-content\/uploads\/2016\/03\/8753-Gorredijk-3D-1484x990.jpg\" \/><div class=\"overlay\"><\/div><\/li><li><img decoding=\"async\" src=\"https:\/\/www.stamhuis.nl\/wp-content\/uploads\/2015\/12\/IMG_0584-1484x990.jpg\" \/><div class=\"overlay\"><\/div><\/li><li><img decoding=\"async\" src=\"https:\/\/www.stamhuis.nl\/wp-content\/uploads\/2015\/12\/IMG_0614-1484x990.jpg\" \/><div class=\"overlay\"><\/div><\/li><li><img decoding=\"async\" src=\"https:\/\/www.stamhuis.nl\/wp-content\/uploads\/2015\/12\/IMG_0596-1484x990.jpg\" \/><div class=\"overlay\"><\/div><\/li><li><img decoding=\"async\" src=\"https:\/\/www.stamhuis.nl\/wp-content\/uploads\/2015\/12\/IMG_0593-1484x990.jpg\" \/><div class=\"overlay\"><\/div><\/li><li><img decoding=\"async\" src=\"https:\/\/www.stamhuis.nl\/wp-content\/uploads\/2015\/12\/IMG_0557-e1453119509685-1484x990.jpg\" \/><div class=\"overlay\"><\/div><\/li><li><img decoding=\"async\" src=\"https:\/\/www.stamhuis.nl\/wp-content\/uploads\/2015\/12\/IMG_0553-1484x990.jpg\" \/><div class=\"overlay\"><\/div><\/li><li><img decoding=\"async\" src=\"https:\/\/www.stamhuis.nl\/wp-content\/uploads\/2015\/12\/IMG_0539-1484x990.jpg\" \/><div class=\"overlay\"><\/div><\/li><\/ul><\/div><\/strong><\/p>\n<h4>Erhebliche Kostenreduzierung<\/h4>\n<p>Stamhuis kann bei Neubau, Neuansiedlung oder Neuentwicklung schnell ein angemessenes Gutachten abgeben. Unser Gutachten bezieht sich nicht nur auf die beabsichtigte Ausstrahlung, sondern auch auf die (Un)M\u00f6glichkeiten des Standorts. Man denke dabei an Dinge wie Belieferung, ob gegebenenfalls K\u00fchleinheiten aufgestellt werden m\u00fcssen oder Beratung \u00fcber die Erteilung von Genehmigungen. Weil wir Sie in einem fr\u00fchzeitigen Stadium auf m\u00f6gliche Probleme aufmerksam machen k\u00f6nnen, werden die Kosten in Bezug auf die heutigen Bauprozesse erheblich reduziert.<\/p>\n<h4>Informationsmanagement<\/h4>\n<p>Informationsmanagement wird immer wichtiger. Zur Erh\u00f6hung der Geschwindigkeit und der Effizienz w\u00e4hrend der verschiedenen Bauphasen und zur Reduzierung der Fehleranf\u00e4lligkeit und unn\u00f6tiger Kosten, macht Stamhuis intensiv von der sogenannten BIM-Methode Gebrauch. Mit dem Bau-Informations-Modell (BIM) b\u00fcrgen wir f\u00fcr einen optimalen Prozess, einen automatisierten Informationsfluss und eine klare \u00dcbersicht \u00fcber den Bau und die Bauvorbereitung.<\/p>\n","protected":false},"excerpt":{"rendered":"<p>Kommt Ihr neues (Laden)Konzept an der vorgeschlagenen (Neu)Baustelle eigentlich voll zur Geltung? Und wie ist es um die Machbarkeit Ihres Projekts bestellt? Diese und andere Fragen beantworten wir vor Beginn der Ausf\u00fchrung auf sachkundige Weise. Durch die Signalierung von Chancen und Beschr\u00e4nkungen in einem fr\u00fchzeitigen Stadium und sich darauf auf intelligente Weise einzustellen, werden Sie nie \u00dcberraschungen erleben. Schnellere \u00dcbersicht \u00fcber die Kosten Ein reibungsloser und effizienter Umbau ist ohne die Sachkenntnisse unserer Spezialisten nicht m\u00f6glich. Darum werden unsere Sachverst\u00e4ndigen sogar vor Unterzeichnung des Miet- oder Kaufvertrags bereits am Bau beteiligt. In der Verhandlungsphase beurteilen wir die Vertr\u00e4ge und begutachten verschiedene bautechnische und konstruktive Fragen. Damit bekommen Sie schneller eine \u00dcbersicht \u00fcber die Kosten und Sie wissen genau, woran Sie sind. Erhebliche Kostenreduzierung Stamhuis kann bei Neubau, Neuansiedlung oder Neuentwicklung schnell ein angemessenes Gutachten abgeben. Unser Gutachten bezieht sich nicht&hellip;<\/p>\n","protected":false},"author":1,"featured_media":3097,"parent":3895,"menu_order":0,"comment_status":"closed","ping_status":"closed","template":"","meta":{"om_disable_all_campaigns":false,"_monsterinsights_skip_tracking":false,"_monsterinsights_sitenote_active":false,"_monsterinsights_sitenote_note":"","_monsterinsights_sitenote_category":0,"footnotes":""},"class_list":{"0":"post-2960","1":"page","4":"has-post-thumbnail","5":"hentry"},"_links":{"self":[{"href":"https:\/\/www.stamhuis.nl\/de\/wp-json\/wp\/v2\/pages\/2960","targetHints":{"allow":["GET"]}}],"collection":[{"href":"https:\/\/www.stamhuis.nl\/de\/wp-json\/wp\/v2\/pages"}],"about":[{"href":"https:\/\/www.stamhuis.nl\/de\/wp-json\/wp\/v2\/types\/page"}],"author":[{"embeddable":true,"href":"https:\/\/www.stamhuis.nl\/de\/wp-json\/wp\/v2\/users\/1"}],"replies":[{"embeddable":true,"href":"https:\/\/www.stamhuis.nl\/de\/wp-json\/wp\/v2\/comments?post=2960"}],"version-history":[{"count":0,"href":"https:\/\/www.stamhuis.nl\/de\/wp-json\/wp\/v2\/pages\/2960\/revisions"}],"up":[{"embeddable":true,"href":"https:\/\/www.stamhuis.nl\/de\/wp-json\/wp\/v2\/pages\/3895"}],"wp:featuredmedia":[{"embeddable":true,"href":"https:\/\/www.stamhuis.nl\/de\/wp-json\/wp\/v2\/media\/3097"}],"wp:attachment":[{"href":"https:\/\/www.stamhuis.nl\/de\/wp-json\/wp\/v2\/media?parent=2960"}],"curies":[{"name":"wp","href":"https:\/\/api.w.org\/{rel}","templated":true}]}}